{"id":1314,"date":"2012-09-23T23:45:43","date_gmt":"2012-09-23T21:45:43","guid":{"rendered":"http:\/\/www.timlilith-ib.fr\/?page_id=1314"},"modified":"2014-05-08T17:35:21","modified_gmt":"2014-05-08T16:35:21","slug":"tayarza-ou-le-secret-de-nos-aieux","status":"publish","type":"page","link":"https:\/\/www.timlilith-ib.fr\/?page_id=1314","title":{"rendered":"\u00abTAYARZA\u00bb ou le secret de nos a\u00efeux"},"content":{"rendered":"<div id=\"fb-root\"><\/div>\n<p style=\"text-align: justify;\">Cette vid\u00e9o en trois parties nous permet de d\u00e9couvrir un noble m\u00e9tier, \u00e0 travers ce t\u00e9moignage de \u00abKhouya Ali\u00bb. Ce dernier nous d\u00e9taille les diff\u00e9rentes facettes de son m\u00e9tier : \u00a0son\u00a0outil de travail, la passion qui l&rsquo;anime \u00e0 l&rsquo;ouvrage, avec une \u00e9nergie et une sinc\u00e9rit\u00e9 qui distinguent sa g\u00e9n\u00e9ration.<\/p>\n<p>Bon visionnage.<\/p>\n<p><strong>Premi\u00e8re partie :<\/strong><\/p>\n<p><iframe loading=\"lazy\" title=\"Le labourage traditionnel en Kabylie ( TIYARZA) 1\u00e9re partie.\" width=\"474\" height=\"356\" src=\"https:\/\/www.youtube.com\/embed\/5ZHVjpl8fgU?feature=oembed\" frameborder=\"0\" allow=\"accelerometer; autoplay; clipboard-write; encrypted-media; gyroscope; picture-in-picture; web-share\" referrerpolicy=\"strict-origin-when-cross-origin\" allowfullscreen><\/iframe><\/p>\n<p><strong>Seconde partie :<\/strong><\/p>\n<p><iframe loading=\"lazy\" title=\"Le labourage traditionnel en Kabylie ( TIYARZA) 2\u00e9me partie\" width=\"474\" height=\"356\" src=\"https:\/\/www.youtube.com\/embed\/qeOapdLGe2Q?feature=oembed\" frameborder=\"0\" allow=\"accelerometer; autoplay; clipboard-write; encrypted-media; gyroscope; picture-in-picture; web-share\" referrerpolicy=\"strict-origin-when-cross-origin\" allowfullscreen><\/iframe><\/p>\n<p><strong>Troisi\u00e8me partie :<\/strong><\/p>\n<p><iframe loading=\"lazy\" title=\"Le labourrage  traditionnel en Kabylie ( TIYARZA) 3\u00e9me partie.\" width=\"474\" height=\"356\" src=\"https:\/\/www.youtube.com\/embed\/mlnxiIvlYGc?feature=oembed\" frameborder=\"0\" allow=\"accelerometer; autoplay; clipboard-write; encrypted-media; gyroscope; picture-in-picture; web-share\" referrerpolicy=\"strict-origin-when-cross-origin\" allowfullscreen><\/iframe><\/p>\n","protected":false},"excerpt":{"rendered":"<p>Cette vid\u00e9o en trois parties nous permet de d\u00e9couvrir un noble m\u00e9tier, \u00e0 travers ce t\u00e9moignage de \u00abKhouya Ali\u00bb. Ce dernier nous d\u00e9taille les diff\u00e9rentes facettes de son m\u00e9tier : \u00a0son\u00a0outil de travail, la passion qui l&rsquo;anime \u00e0 l&rsquo;ouvrage, avec une \u00e9nergie et une sinc\u00e9rit\u00e9 qui distinguent sa g\u00e9n\u00e9ration. Bon visionnage. Premi\u00e8re partie : Seconde &hellip; <a href=\"https:\/\/www.timlilith-ib.fr\/?page_id=1314\" class=\"more-link\">Continuer la lecture de <span class=\"screen-reader-text\">\u00abTAYARZA\u00bb ou le secret de nos a\u00efeux<\/span>  <span class=\"meta-nav\">&rarr;<\/span><\/a><\/p>\n","protected":false},"author":1,"featured_media":0,"parent":47,"menu_order":0,"comment_status":"open","ping_status":"open","template":"page-templates\/full-width.php","meta":{"footnotes":""},"class_list":["post-1314","page","type-page","status-publish","hentry"],"jetpack_sharing_enabled":true,"_links":{"self":[{"href":"https:\/\/www.timlilith-ib.fr\/index.php?rest_route=\/wp\/v2\/pages\/1314","targetHints":{"allow":["GET"]}}],"collection":[{"href":"https:\/\/www.timlilith-ib.fr\/index.php?rest_route=\/wp\/v2\/pages"}],"about":[{"href":"https:\/\/www.timlilith-ib.fr\/index.php?rest_route=\/wp\/v2\/types\/page"}],"author":[{"embeddable":true,"href":"https:\/\/www.timlilith-ib.fr\/index.php?rest_route=\/wp\/v2\/users\/1"}],"replies":[{"embeddable":true,"href":"https:\/\/www.timlilith-ib.fr\/index.php?rest_route=%2Fwp%2Fv2%2Fcomments&post=1314"}],"version-history":[{"count":0,"href":"https:\/\/www.timlilith-ib.fr\/index.php?rest_route=\/wp\/v2\/pages\/1314\/revisions"}],"up":[{"embeddable":true,"href":"https:\/\/www.timlilith-ib.fr\/index.php?rest_route=\/wp\/v2\/pages\/47"}],"wp:attachment":[{"href":"https:\/\/www.timlilith-ib.fr\/index.php?rest_route=%2Fwp%2Fv2%2Fmedia&parent=1314"}],"curies":[{"name":"wp","href":"https:\/\/api.w.org\/{rel}","templated":true}]}}