{"id":1318,"date":"2012-09-23T23:51:44","date_gmt":"2012-09-23T22:51:44","guid":{"rendered":"http:\/\/www.timlilith-ib.fr\/?page_id=1318"},"modified":"2014-05-08T17:38:18","modified_gmt":"2014-05-08T16:38:18","slug":"sarah-ourahmoune-une-fille-pas-comme-les-autres","status":"publish","type":"page","link":"https:\/\/www.timlilith-ib.fr\/?page_id=1318","title":{"rendered":"Sarah Ourahmoune : une fille pas comme les autres"},"content":{"rendered":"<div id=\"fb-root\"><\/div>\n<h1 style=\"text-align: justify;\">Boxeuse, intello et d\u00e9cor\u00e9e de la l\u00e9gion d&rsquo;honneur : Sarah n&rsquo;est pas une fille comme les autres.<\/h1>\n<p style=\"text-align: justify;\">Sarah\u00a0est une jeune fille originaire de notre village, Ighil\u00a0Bougueni.\u00a0D\u00e9cor\u00e9e de la l\u00e9gion d\u2019honneur en avril 2012, Sarah\u00a0boxe \u00e0 haut niveau depuis 1999 et \u00e9tudie \u00e0 Sciences Po.\u00a0Elle a \u00e9t\u00e9 plusieurs fois championne de France, championne d\u2019europe et championne du monde dans sa cat\u00e9gorie, poids mouche, en boxe anglaise.\u00a0Comme quoi, on peut allier sport de haut niveau et \u00e9tudes sup\u00e9rieures. C\u2019est un exemple pour nos jeunes.<\/p>\n<p style=\"text-align: justify;\">Ci-dessous, une interview extraite de son passage \u00e0 l\u2019\u00e9mission \u00ab\u00a0Teum\u00a0Teum\u00a0\u00bb sp\u00e9ciale Djamel\u00a0Debbouze.<\/p>\n<p style=\"text-align: justify;\">Si vous souhaitez en savoir plus sur Sarah, rendez-vous sur son blog\u00a0:\u00a0<a href=\"http:\/\/www.sarahourahmoune.com\/\">http:\/\/www.sarahourahmoune.com\/<\/a><\/p>\n<p style=\"text-align: justify;\">[dailymotion id=xkxa82]<\/p>\n","protected":false},"excerpt":{"rendered":"<p>Boxeuse, intello et d\u00e9cor\u00e9e de la l\u00e9gion d&rsquo;honneur : Sarah n&rsquo;est pas une fille comme les autres. Sarah\u00a0est une jeune fille originaire de notre village, Ighil\u00a0Bougueni.\u00a0D\u00e9cor\u00e9e de la l\u00e9gion d\u2019honneur en avril 2012, Sarah\u00a0boxe \u00e0 haut niveau depuis 1999 et \u00e9tudie \u00e0 Sciences Po.\u00a0Elle a \u00e9t\u00e9 plusieurs fois championne de France, championne d\u2019europe et championne &hellip; <a href=\"https:\/\/www.timlilith-ib.fr\/?page_id=1318\" class=\"more-link\">Continuer la lecture de <span class=\"screen-reader-text\">Sarah Ourahmoune : une fille pas comme les autres<\/span>  <span class=\"meta-nav\">&rarr;<\/span><\/a><\/p>\n","protected":false},"author":1,"featured_media":0,"parent":47,"menu_order":0,"comment_status":"open","ping_status":"closed","template":"page-templates\/full-width.php","meta":{"footnotes":""},"class_list":["post-1318","page","type-page","status-publish","hentry"],"jetpack_sharing_enabled":true,"_links":{"self":[{"href":"https:\/\/www.timlilith-ib.fr\/index.php?rest_route=\/wp\/v2\/pages\/1318","targetHints":{"allow":["GET"]}}],"collection":[{"href":"https:\/\/www.timlilith-ib.fr\/index.php?rest_route=\/wp\/v2\/pages"}],"about":[{"href":"https:\/\/www.timlilith-ib.fr\/index.php?rest_route=\/wp\/v2\/types\/page"}],"author":[{"embeddable":true,"href":"https:\/\/www.timlilith-ib.fr\/index.php?rest_route=\/wp\/v2\/users\/1"}],"replies":[{"embeddable":true,"href":"https:\/\/www.timlilith-ib.fr\/index.php?rest_route=%2Fwp%2Fv2%2Fcomments&post=1318"}],"version-history":[{"count":0,"href":"https:\/\/www.timlilith-ib.fr\/index.php?rest_route=\/wp\/v2\/pages\/1318\/revisions"}],"up":[{"embeddable":true,"href":"https:\/\/www.timlilith-ib.fr\/index.php?rest_route=\/wp\/v2\/pages\/47"}],"wp:attachment":[{"href":"https:\/\/www.timlilith-ib.fr\/index.php?rest_route=%2Fwp%2Fv2%2Fmedia&parent=1318"}],"curies":[{"name":"wp","href":"https:\/\/api.w.org\/{rel}","templated":true}]}}