{"id":13324,"date":"2016-04-21T17:12:48","date_gmt":"2016-04-21T15:12:48","guid":{"rendered":"http:\/\/www.timlilith-ib.fr\/?page_id=13324"},"modified":"2017-07-04T12:21:56","modified_gmt":"2017-07-04T10:21:56","slug":"nouvelles-du-village","status":"publish","type":"page","link":"https:\/\/www.timlilith-ib.fr\/?page_id=13324","title":{"rendered":"Nouvelles du village"},"content":{"rendered":"<div id=\"fb-root\"><\/div>\n<p style=\"text-align: left;\" align=\"center\"><span style=\"font-size: 14pt; font-family: 'book antiqua', palatino, serif;\">Bonjour \u00e0 toutes et \u00e0 tous,<\/span><\/p>\n<p style=\"text-align: justify;\" align=\"center\"><span style=\"color: #000000; font-family: 'book antiqua', palatino, serif; font-size: 14pt;\">Cette page est mise \u00e0 la disposition des citoyens du village Ighil Bougueni pour annoncer et diffuser tout \u00e9v\u00e9nement\/activit\u00e9 d\u2019int\u00e9r\u00eat collectif ayant lieu au village, reportages, photos, interview, sans caract\u00e8re religieux ou politique. Elle comporte 3 rubriques (ci dessous). Cette page est la v\u00f4tre. A vous de l&rsquo;animer en y mettant le plus beau du village Ighil Bougueni. Si vous souhaitez ins\u00e9rer une publication sur cette page, merci de transmettre le texte et une iconographie si besoin (photos, vid\u00e9os, &#8230;) au bureau de Timlilith-Ighil Bougueni (E-mail: timlilith.ib.bureau@gmail.com). Le bureau se r\u00e9serve le droit de refuser toute publication non conforme \u00e0 ses statuts et \u00e0 l&rsquo;esprit de cette page.<\/span><\/p>\n<p style=\"text-align: justify;\" align=\"center\"><span style=\"color: #000000; font-family: 'book antiqua', palatino, serif; font-size: 14pt;\">Timlilith-Ighil Bougueni<\/span><\/p>\n<p style=\"text-align: center;\" align=\"center\"><img loading=\"lazy\" decoding=\"async\" class=\"wp-image-11673 aligncenter\" src=\"http:\/\/www.timlilith-ib.fr\/wp-content\/uploads\/2015\/05\/cropped-Logo-TIB2.jpg\" alt=\"cropped-Logo-TIB2.jpg\" width=\"134\" height=\"134\" srcset=\"https:\/\/www.timlilith-ib.fr\/wp-content\/uploads\/2015\/05\/cropped-Logo-TIB2.jpg 512w, https:\/\/www.timlilith-ib.fr\/wp-content\/uploads\/2015\/05\/cropped-Logo-TIB2-150x150.jpg 150w, https:\/\/www.timlilith-ib.fr\/wp-content\/uploads\/2015\/05\/cropped-Logo-TIB2-300x300.jpg 300w, https:\/\/www.timlilith-ib.fr\/wp-content\/uploads\/2015\/05\/cropped-Logo-TIB2-270x270.jpg 270w, https:\/\/www.timlilith-ib.fr\/wp-content\/uploads\/2015\/05\/cropped-Logo-TIB2-192x192.jpg 192w, https:\/\/www.timlilith-ib.fr\/wp-content\/uploads\/2015\/05\/cropped-Logo-TIB2-180x180.jpg 180w, https:\/\/www.timlilith-ib.fr\/wp-content\/uploads\/2015\/05\/cropped-Logo-TIB2-32x32.jpg 32w\" sizes=\"auto, (max-width: 134px) 100vw, 134px\" \/><\/p>\n<p style=\"text-align: center;\" align=\"center\">Cette page comprend 4 rubriques:<\/p>\n<ul>\n<li><span style=\"color: #0000ff; font-family: arial black,sans-serif; font-size: 12pt; background-color: #ffffff;\"><strong><a style=\"background-color: #ffffff; color: #0000ff; text-decoration: underline;\" href=\"http:\/\/www.timlilith-ib.fr\/?page_id=13345\">ZERDA YEMMA LMISSORA &amp; AUTRES F\u00caTES TRADITIONNELLES<\/a><\/strong><\/span><\/li>\n<li><span style=\"color: #0000ff; font-family: arial black,sans-serif; font-size: 12pt; background-color: #ffffff;\"><strong><a style=\"background-color: #ffffff; color: #0000ff; text-decoration: underline;\" href=\"http:\/\/www.timlilith-ib.fr\/?page_id=13347\">ASSOCIATIONS DU VILLAGE<\/a><\/strong><\/span><\/li>\n<li><span style=\"color: #0000ff; font-family: arial black,sans-serif; font-size: 12pt; background-color: #ffffff;\"><strong><a style=\"background-color: #ffffff; color: #0000ff; text-decoration: underline;\" href=\"http:\/\/www.timlilith-ib.fr\/?page_id=18462\">PROJET DES 3 FONTAINES<\/a><\/strong><\/span><\/li>\n<li><span style=\"color: #0000ff; font-family: arial black,sans-serif; font-size: 12pt; background-color: #ffffff;\"><strong><a style=\"background-color: #ffffff; color: #0000ff; text-decoration: underline;\" href=\"http:\/\/www.timlilith-ib.fr\/?page_id=13349\">AUTRES \u00c9V\u00c9NEMENTS\/ACTIVIT\u00c9S<\/a><\/strong><\/span><\/li>\n<\/ul>\n<p>&nbsp;<\/p>\n","protected":false},"excerpt":{"rendered":"<p>Bonjour \u00e0 toutes et \u00e0 tous, Cette page est mise \u00e0 la disposition des citoyens du village Ighil Bougueni pour annoncer et diffuser tout \u00e9v\u00e9nement\/activit\u00e9 d\u2019int\u00e9r\u00eat collectif ayant lieu au village, reportages, photos, interview, sans caract\u00e8re religieux ou politique. Elle comporte 3 rubriques (ci dessous). Cette page est la v\u00f4tre. A vous de l&rsquo;animer en &hellip; <a href=\"https:\/\/www.timlilith-ib.fr\/?page_id=13324\" class=\"more-link\">Continuer la lecture de <span class=\"screen-reader-text\">Nouvelles du village<\/span>  <span class=\"meta-nav\">&rarr;<\/span><\/a><\/p>\n","protected":false},"author":63,"featured_media":18397,"parent":0,"menu_order":0,"comment_status":"closed","ping_status":"closed","template":"","meta":{"footnotes":""},"class_list":["post-13324","page","type-page","status-publish","has-post-thumbnail","hentry"],"jetpack_sharing_enabled":true,"_links":{"self":[{"href":"https:\/\/www.timlilith-ib.fr\/index.php?rest_route=\/wp\/v2\/pages\/13324","targetHints":{"allow":["GET"]}}],"collection":[{"href":"https:\/\/www.timlilith-ib.fr\/index.php?rest_route=\/wp\/v2\/pages"}],"about":[{"href":"https:\/\/www.timlilith-ib.fr\/index.php?rest_route=\/wp\/v2\/types\/page"}],"author":[{"embeddable":true,"href":"https:\/\/www.timlilith-ib.fr\/index.php?rest_route=\/wp\/v2\/users\/63"}],"replies":[{"embeddable":true,"href":"https:\/\/www.timlilith-ib.fr\/index.php?rest_route=%2Fwp%2Fv2%2Fcomments&post=13324"}],"version-history":[{"count":0,"href":"https:\/\/www.timlilith-ib.fr\/index.php?rest_route=\/wp\/v2\/pages\/13324\/revisions"}],"wp:featuredmedia":[{"embeddable":true,"href":"https:\/\/www.timlilith-ib.fr\/index.php?rest_route=\/wp\/v2\/media\/18397"}],"wp:attachment":[{"href":"https:\/\/www.timlilith-ib.fr\/index.php?rest_route=%2Fwp%2Fv2%2Fmedia&parent=13324"}],"curies":[{"name":"wp","href":"https:\/\/api.w.org\/{rel}","templated":true}]}}