{"id":13345,"date":"2016-04-22T13:44:09","date_gmt":"2016-04-22T12:44:09","guid":{"rendered":"http:\/\/www.timlilith-ib.fr\/?page_id=13345"},"modified":"2020-03-09T12:50:41","modified_gmt":"2020-03-09T11:50:41","slug":"zerda-yemma-lmissora","status":"publish","type":"page","link":"https:\/\/www.timlilith-ib.fr\/?page_id=13345","title":{"rendered":"Zerda Yemma Lmissora &#038; autres f\u00eates traditionnelles"},"content":{"rendered":"<div id=\"fb-root\"><\/div>\n<hr \/>\n<p style=\"text-align: justify;\"><span style=\"color: #000080;\"><a style=\"color: #000080;\" href=\"https:\/\/www.timlilith-ib.fr\/?p=23845\" target=\"_blank\" rel=\"noopener noreferrer\"><strong>\u00a02018: Zerda N\u2019Yemma Lmi\u1e63u\u1e5ba \u2013 Invitation<\/strong><\/a><\/span><\/p>\n<p style=\"text-align: justify;\"><span style=\"color: #000080;\"><a style=\"color: #000080;\" href=\"https:\/\/www.timlilith-ib.fr\/?p=18620\" target=\"_blank\" rel=\"noopener noreferrer\"><strong>2017: Zarda Yemma Lmissora 2017 : Une vid\u00e9o et quelques photos. (Article publi\u00e9 le 13\/08\/2017)<\/strong><\/a><\/span><\/p>\n<hr \/>\n<p><span style=\"color: #000080;\"><a style=\"color: #000080;\" href=\"https:\/\/www.timlilith-ib.fr\/?p=14561\" target=\"_blank\" rel=\"noopener noreferrer\"><span style=\"font-size: 14pt;\"><strong><span style=\"font-size: 12pt;\">2016: Zarda de Yemma Lmissora revient au village ce week-end 12 et 13 Ao\u00fbt 2016. (Article publi\u00e9 le 11\/08\/2016).<\/span><\/strong><\/span><\/a><\/span><\/p>\n<p style=\"text-align: justify;\"><span style=\"color: #000080;\"><a style=\"color: #000080;\" href=\"http:\/\/www.timlilith-ib.fr\/?p=13905\" target=\"_blank\" rel=\"noopener noreferrer\"><strong>-2015: R\u00e9novation et extension de \u00ab\u00a0Yemma Lmissora\u00a0\u00bb et mise en ligne de la vid\u00e9o de Zerda d\u2019Ao\u00fbt 2015.<\/strong><\/a><\/span><\/p>\n<p style=\"text-align: justify;\"><span style=\"color: #000080;\"><strong><a style=\"color: #000080;\" href=\"https:\/\/www.timlilith-ib.fr\/?p=9445\" target=\"_blank\" rel=\"noopener noreferrer\">-2015: Le sacrifice de \u00ab\u00a0Thimchret\u00a0\u00bb revient au village d\u2019Ighil Bougueni<\/a><\/strong><\/span><\/p>\n<p style=\"text-align: justify;\"><span style=\"color: #000080;\"><strong><a style=\"color: #000080;\" href=\"https:\/\/www.timlilith-ib.fr\/?p=9264\" target=\"_blank\" rel=\"noopener noreferrer\">-2014: Vid\u00e9os de la Zarda \u00ab\u00a0Yemma El Missora\u00a0\u00bb du 06 Septembre 2014<\/a><\/strong><\/span><\/p>\n<p style=\"text-align: justify;\"><span style=\"color: #000080;\"><strong><a style=\"color: #000080;\" href=\"https:\/\/www.timlilith-ib.fr\/?p=1493\" target=\"_blank\" rel=\"noopener noreferrer\">-2012: Zarda Lmissora \u2013 Septembre 2012<\/a><\/strong><\/span><\/p>\n<p style=\"text-align: justify;\"><a href=\"http:\/\/www.timlilith-ib.fr\/?page_id=377\" target=\"_blank\" rel=\"noopener noreferrer\"><span style=\"color: #ff0000;\"><strong><span style=\"color: #000080;\">-2007: Reportage tourn\u00e9 en 2007 \u00e0 Ighil Bogueni par la cha\u00eene de t\u00e9l\u00e9vision Berb\u00e8re TV<\/span><\/strong><\/span><\/a><\/p>\n<p style=\"text-align: justify;\">Joyeuse f\u00eate \u00e0 toutes et \u00e0 tous.<\/p>\n<p style=\"text-align: justify;\">Timlilith-Ighil Bougueni<\/p>\n","protected":false},"excerpt":{"rendered":"<p>\u00a02018: Zerda N\u2019Yemma Lmi\u1e63u\u1e5ba \u2013 Invitation 2017: Zarda Yemma Lmissora 2017 : Une vid\u00e9o et quelques photos. (Article publi\u00e9 le 13\/08\/2017) 2016: Zarda de Yemma Lmissora revient au village ce week-end 12 et 13 Ao\u00fbt 2016. (Article publi\u00e9 le 11\/08\/2016). -2015: R\u00e9novation et extension de \u00ab\u00a0Yemma Lmissora\u00a0\u00bb et mise en ligne de la vid\u00e9o de &hellip; <a href=\"https:\/\/www.timlilith-ib.fr\/?page_id=13345\" class=\"more-link\">Continuer la lecture de <span class=\"screen-reader-text\">Zerda Yemma Lmissora &#038; autres f\u00eates traditionnelles<\/span>  <span class=\"meta-nav\">&rarr;<\/span><\/a><\/p>\n","protected":false},"author":63,"featured_media":9087,"parent":0,"menu_order":0,"comment_status":"closed","ping_status":"closed","template":"","meta":{"footnotes":""},"class_list":["post-13345","page","type-page","status-publish","has-post-thumbnail","hentry"],"jetpack_sharing_enabled":true,"_links":{"self":[{"href":"https:\/\/www.timlilith-ib.fr\/index.php?rest_route=\/wp\/v2\/pages\/13345","targetHints":{"allow":["GET"]}}],"collection":[{"href":"https:\/\/www.timlilith-ib.fr\/index.php?rest_route=\/wp\/v2\/pages"}],"about":[{"href":"https:\/\/www.timlilith-ib.fr\/index.php?rest_route=\/wp\/v2\/types\/page"}],"author":[{"embeddable":true,"href":"https:\/\/www.timlilith-ib.fr\/index.php?rest_route=\/wp\/v2\/users\/63"}],"replies":[{"embeddable":true,"href":"https:\/\/www.timlilith-ib.fr\/index.php?rest_route=%2Fwp%2Fv2%2Fcomments&post=13345"}],"version-history":[{"count":0,"href":"https:\/\/www.timlilith-ib.fr\/index.php?rest_route=\/wp\/v2\/pages\/13345\/revisions"}],"wp:featuredmedia":[{"embeddable":true,"href":"https:\/\/www.timlilith-ib.fr\/index.php?rest_route=\/wp\/v2\/media\/9087"}],"wp:attachment":[{"href":"https:\/\/www.timlilith-ib.fr\/index.php?rest_route=%2Fwp%2Fv2%2Fmedia&parent=13345"}],"curies":[{"name":"wp","href":"https:\/\/api.w.org\/{rel}","templated":true}]}}