{"id":13347,"date":"2016-04-22T13:44:48","date_gmt":"2016-04-22T12:44:48","guid":{"rendered":"http:\/\/www.timlilith-ib.fr\/?page_id=13347"},"modified":"2018-05-29T16:42:15","modified_gmt":"2018-05-29T14:42:15","slug":"associations-du-village","status":"publish","type":"page","link":"https:\/\/www.timlilith-ib.fr\/?page_id=13347","title":{"rendered":"Actualit\u00e9s des associations du village Ighil Bougueni."},"content":{"rendered":"<div id=\"fb-root\"><\/div>\n<p><span style=\"color: #ff0000;\">Information du : Club Sportif Amateur Association Sportive Ighil Bougueni (ASIB)<\/span> <span style=\"color: #ff0000;\">: 29 Mai 2018.<\/span><\/p>\n<p style=\"text-align: justify;\">Bonjour \u00e0 toutes et \u00e0 tous,<\/p>\n<p style=\"text-align: justify;\">Il est port\u00e9 \u00e0 notre connaissance et aux fins de diffusions sur nos r\u00e9seaux sociaux qu&rsquo;un cross pour enfants, filles et gar\u00e7ons, sera organis\u00e9 \u00e0 l&rsquo;occasion de la journ\u00e9e internationale de l&rsquo;enfance le vendredi 01\/06\/2018 \u00e0 partir de 09:00h \u00e0 Vava Lhadj au village Ighil Bougueni.<\/p>\n<p style=\"text-align: justify;\">Pour y participer, les inscriptions se feront au foyer des jeunes le Mardi 29 Mai 2018 \u00e0 partir de 15: 00h.<\/p>\n<p style=\"text-align: justify;\">Excellente initiative que Timlilith-IB est heureuse de partager sur ses r\u00e9seaux sociaux et sur son site internet afin de donner la meilleure audience \u00e0 cette belle manifestation\u00a0 organis\u00e9e par l&rsquo;ASIB et \u00e0 laquelle nous souhaitons la meilleure r\u00e9ussite.<\/p>\n<p style=\"text-align: justify;\">Bien \u00e0 vous,<\/p>\n<p style=\"text-align: justify;\">Timlilith-IB.<\/p>\n<p><a href=\"http:\/\/www.timlilith-ib.fr\/wp-content\/uploads\/2018\/05\/Cross-pour-enfants-.jpg\"><img loading=\"lazy\" decoding=\"async\" class=\"aligncenter size-full wp-image-23271\" src=\"http:\/\/www.timlilith-ib.fr\/wp-content\/uploads\/2018\/05\/Cross-pour-enfants-.jpg\" alt=\"\" width=\"819\" height=\"595\" data-wp-pid=\"23271\" srcset=\"https:\/\/www.timlilith-ib.fr\/wp-content\/uploads\/2018\/05\/Cross-pour-enfants-.jpg 819w, https:\/\/www.timlilith-ib.fr\/wp-content\/uploads\/2018\/05\/Cross-pour-enfants--600x436.jpg 600w, https:\/\/www.timlilith-ib.fr\/wp-content\/uploads\/2018\/05\/Cross-pour-enfants--800x581.jpg 800w\" sizes=\"auto, (max-width: 819px) 100vw, 819px\" \/><\/a><\/p>\n<hr \/>\n<p><span style=\"color: #ff0000;\"><strong>Nouvelles du village : cr\u00e9ation de plusieurs associations. (Publi\u00e9 le 19 F\u00e9vrier 2018).<\/strong><\/span><\/p>\n<p style=\"text-align: justify;\"><img loading=\"lazy\" decoding=\"async\" class=\"size-full wp-image-22811 aligncenter\" src=\"http:\/\/www.timlilith-ib.fr\/wp-content\/uploads\/2018\/02\/IB.jpg\" alt=\"\" width=\"605\" height=\"403\" data-wp-pid=\"22811\" srcset=\"https:\/\/www.timlilith-ib.fr\/wp-content\/uploads\/2018\/02\/IB.jpg 605w, https:\/\/www.timlilith-ib.fr\/wp-content\/uploads\/2018\/02\/IB-600x400.jpg 600w\" sizes=\"auto, (max-width: 605px) 100vw, 605px\" \/><span style=\"font-size: 12pt; font-family: arial, helvetica, sans-serif;\">Bonjour \u00e0 toutes et \u00e0 tous.<\/span><\/p>\n<p style=\"text-align: justify;\"><span style=\"font-size: 12pt; font-family: arial, helvetica, sans-serif;\">Nous avons re\u00e7u le message, ci-dessous, de la part de Slimane OULD FEROUKH nous informant de la cr\u00e9ation de 3 associations au village Ighil Bougueni&#8230;&#8230;<\/span><!--more--><\/p>\n<p><em>\u00abBonsoir.<\/em><\/p>\n<p><em>Dans le cadre de la structuration en vue d&rsquo;organisation du village dans les domaines diverses, les diff\u00e9rentes comp\u00e9tences et volont\u00e9s des concitoyens du village qui se sont convenus \u00e0 dynamiser le mouvement associatif au sein de notre entit\u00e9 g\u00e9ographique.<\/em><\/p>\n<p><em>Pour ceci il a \u00e9t\u00e9 d\u00e9cid\u00e9 de cr\u00e9er deux (3) associations: sociale, culturelle et sportive.<\/em><\/p>\n<p><strong><em>L\u2019association Sociale d\u00e9nomm\u00e9e Tadukli Ighil Bougueni.<\/em><\/strong><\/p>\n<p><em>Le bureau ex\u00e9cutif :<\/em><\/p>\n<table>\n<tbody>\n<tr>\n<td width=\"301\"><strong><em>Noms et pr\u00e9noms<\/em><\/strong><\/td>\n<td width=\"246\"><strong><em>\u00a0Qualit\u00e9<\/em><\/strong><\/td>\n<\/tr>\n<tr>\n<td width=\"301\"><em>OULD FEROUKH Nouredine<\/em><\/td>\n<td width=\"246\"><em>\u00a0Pr\u00e9sident<\/em><\/td>\n<\/tr>\n<tr>\n<td width=\"301\"><em>AIT OUADDA Abdellaziz<\/em><\/td>\n<td width=\"246\"><em>\u00a01er vice-pr\u00e9sident<\/em><\/td>\n<\/tr>\n<tr>\n<td width=\"301\"><em>AMIRAT Younes<\/em><\/td>\n<td width=\"246\"><em>\u00a02eme vice-pr\u00e9sident<\/em><\/td>\n<\/tr>\n<tr>\n<td width=\"301\"><em>AIT OUADDA Ouali<\/em><\/td>\n<td width=\"246\"><em>\u00a0Secr\u00e9taire g\u00e9n\u00e9ral <\/em><\/td>\n<\/tr>\n<tr>\n<td width=\"301\"><em>BEN MEZIANE Md Said<\/em><\/td>\n<td width=\"246\"><em>\u00a0Secr\u00e9taire g\u00e9n\u00e9ral adjoint<\/em><\/td>\n<\/tr>\n<tr>\n<td width=\"301\"><em>AMIRAT Smail<\/em><\/td>\n<td width=\"246\"><em>\u00a0Tr\u00e9sorier<\/em><\/td>\n<\/tr>\n<tr>\n<td width=\"301\"><em>MEDJBER Omar<\/em><\/td>\n<td width=\"246\"><em>\u00a0Tr\u00e9sorier adjoint<\/em><\/td>\n<\/tr>\n<tr>\n<td width=\"301\"><em>OUFEROUKH Md Ameziane<\/em><\/td>\n<td width=\"246\"><em>\u00a0Assesseur<\/em><\/td>\n<\/tr>\n<tr>\n<td width=\"301\"><em>AIT ABDESLAM Rachid<\/em><\/td>\n<td width=\"246\"><em>\u00a0Assesseur<\/em><\/td>\n<\/tr>\n<tr>\n<td width=\"301\"><em>OUKAKI Rachid<\/em><\/td>\n<td width=\"246\"><em>\u00a0Assesseur<\/em><\/td>\n<\/tr>\n<tr>\n<td width=\"301\"><em>RAHMOUNE Nacer<\/em><\/td>\n<td width=\"246\"><em>\u00a0Assesseur<\/em><\/td>\n<\/tr>\n<\/tbody>\n<\/table>\n<p><strong><em>L\u2019association culturelle d\u00e9nomm\u00e9e Tagmats Ighil Bougueni.<\/em><\/strong><\/p>\n<p><em>Le bureau ex\u00e9cutif:<\/em><\/p>\n<table>\n<tbody>\n<tr>\n<td width=\"301\"><strong><em>Noms et pr\u00e9noms<\/em><\/strong><\/td>\n<td width=\"246\"><strong><em>Qualit\u00e9<\/em><\/strong><\/td>\n<\/tr>\n<tr>\n<td width=\"301\"><em>OUKAKI Tiziri<\/em><\/td>\n<td width=\"246\"><em>\u00a0Pr\u00e9sident<\/em><\/td>\n<\/tr>\n<tr>\n<td width=\"301\"><em>BAKIR Rafik<\/em><\/td>\n<td width=\"246\"><em>\u00a01er vice-pr\u00e9sident<\/em><\/td>\n<\/tr>\n<tr>\n<td width=\"301\"><em>MEZIANE Nacima <\/em><\/td>\n<td width=\"246\"><em>\u00a02eme vice-pr\u00e9sident<\/em><\/td>\n<\/tr>\n<tr>\n<td width=\"301\"><em>OULD FEROUKH Salem<\/em><\/td>\n<td width=\"246\"><em>\u00a0Secr\u00e9taire g\u00e9n\u00e9ral<\/em><\/td>\n<\/tr>\n<tr>\n<td width=\"301\"><em>RAHMOUN Aissa<\/em><\/td>\n<td width=\"246\"><em>\u00a0Secr\u00e9taire g\u00e9n\u00e9ral adjoint<\/em><\/td>\n<\/tr>\n<tr>\n<td width=\"301\"><em>MEZIANE Latamene<\/em><\/td>\n<td width=\"246\"><em>\u00a0Tr\u00e9sorier<\/em><\/td>\n<\/tr>\n<tr>\n<td width=\"301\"><em>MEDJBER Sofiane<\/em><\/td>\n<td width=\"246\"><em>\u00a0Tr\u00e9sorier adjoint<\/em><\/td>\n<\/tr>\n<tr>\n<td width=\"301\"><em>BAKIR Mokhtar<\/em><\/td>\n<td width=\"246\"><em>\u00a0Assesseur<\/em><\/td>\n<\/tr>\n<tr>\n<td width=\"301\"><em>MELLOUK Jugurtha<\/em><\/td>\n<td width=\"246\"><em>\u00a0Assesseur<\/em><\/td>\n<\/tr>\n<tr>\n<td width=\"301\"><em>FROUKH Cherif<\/em><\/td>\n<td width=\"246\"><em>\u00a0Assesseur<\/em><\/td>\n<\/tr>\n<tr>\n<td width=\"301\"><em>OULD FEROUKH\u00a0 Nadia<\/em><\/td>\n<td width=\"246\"><em>\u00a0Assesseur <\/em><\/td>\n<\/tr>\n<tr>\n<td width=\"301\"><em>OUCHELLOUCHEAbdenabi<\/em><\/td>\n<td width=\"246\"><em>\u00a0Assesseur<\/em><\/td>\n<\/tr>\n<tr>\n<td width=\"301\"><em>OULD FEROUKH Samir<\/em><\/td>\n<td width=\"246\"><em>\u00a0Assesseur<\/em><\/td>\n<\/tr>\n<\/tbody>\n<\/table>\n<p><strong><em>Le Club Sportif Amateur (CSA) d\u00e9nomm\u00e9 Association Sportive Ighil Bougueni (A.S.I.B).<\/em><\/strong><\/p>\n<p><em>Le bureau ex\u00e9cutif :<\/em><\/p>\n<table>\n<tbody>\n<tr>\n<td width=\"301\"><strong><em>Noms et pr\u00e9noms<\/em><\/strong><\/td>\n<td width=\"246\"><strong><em>Qualit\u00e9<\/em><\/strong><\/td>\n<\/tr>\n<tr>\n<td width=\"301\"><em>OULD FEROUKH Slimane<\/em><\/td>\n<td width=\"246\"><em>\u00a0Pr\u00e9sident<\/em><\/td>\n<\/tr>\n<tr>\n<td width=\"301\"><em>MEDJBER R\u00e9da<\/em><\/td>\n<td width=\"246\"><em>\u00a01er vice-pr\u00e9sident<\/em><\/td>\n<\/tr>\n<tr>\n<td width=\"301\"><em>BEN MEZIANE Hocine<\/em><\/td>\n<td width=\"246\"><em>\u00a02eme vice-pr\u00e9sident<\/em><\/td>\n<\/tr>\n<tr>\n<td width=\"301\"><em>AMIRAT Amghi Jugurta<\/em><\/td>\n<td width=\"246\"><em>\u00a0Secr\u00e9taire g\u00e9n\u00e9ral<\/em><\/td>\n<\/tr>\n<tr>\n<td width=\"301\"><em>OUFFROUKH Achour<\/em><\/td>\n<td width=\"246\"><em>\u00a0Secr\u00e9taire g\u00e9n\u00e9ral adjoint<\/em><\/td>\n<\/tr>\n<tr>\n<td width=\"301\"><em>AIT CHEA Nafa<\/em><\/td>\n<td width=\"246\"><em>\u00a0Tr\u00e9sorier<\/em><\/td>\n<\/tr>\n<tr>\n<td width=\"301\"><em>OURAHMOUN Naceur (momoh)<\/em><\/td>\n<td width=\"246\"><em>\u00a0Tr\u00e9sorier adjoint<\/em><\/td>\n<\/tr>\n<tr>\n<td width=\"301\"><em>HAMADI Lyes<\/em><\/td>\n<td width=\"246\"><em>\u00a0Assesseur<\/em><\/td>\n<\/tr>\n<tr>\n<td width=\"301\"><em>FEROUKH Samir<\/em><\/td>\n<td width=\"246\"><em>\u00a0Assesseur<\/em><\/td>\n<\/tr>\n<tr>\n<td width=\"301\"><em>OUFFROUKH Md Ameziane<\/em><\/td>\n<td width=\"246\"><em>\u00a0Assesseur<\/em><\/td>\n<\/tr>\n<tr>\n<td width=\"301\"><em>AIT OUFEROUKH Hamid<\/em><\/td>\n<td width=\"246\"><em>\u00a0Assesseur<\/em><\/td>\n<\/tr>\n<tr>\n<td width=\"301\"><em>MEDJBER Omar<\/em><\/td>\n<td width=\"246\"><em>\u00a0Assesseur<\/em><\/td>\n<\/tr>\n<tr>\n<td width=\"301\"><em>OUFFEROUKH Md Said<\/em><\/td>\n<td width=\"246\"><em>\u00a0Assesseur<\/em><\/td>\n<\/tr>\n<\/tbody>\n<\/table>\n<p><em>Et merci pour votre int\u00e9r\u00eat et votre soutien ind\u00e9fectible pour la r\u00e9ussite de l&rsquo;unification objective des forces vives du village afin d&rsquo;assurer un essor et un \u00e9panouissement serein, naturel et rationnel des villageois et notamment les jeunes.<\/em><\/p>\n<p><em>Slimane OULD FEROUKH\u00bb<\/em><\/p>\n<p><span style=\"font-family: arial, helvetica, sans-serif; font-size: 12pt;\">Souhaitons longue vie \u00e0 toutes ces associations qui redynamiseront certainement le village Ighil Bougueni.<\/span><\/p>\n<p><span style=\"font-family: arial, helvetica, sans-serif; font-size: 12pt;\">Timlilith Ighil Bougueni.<\/span><\/p>\n<hr \/>\n<p style=\"text-align: justify;\"><span style=\"color: #ff0000;\"><strong>Inauguration de la st\u00e8le du village &#8211; 1er novembre 1994 (Publi\u00e9 le 1er\/11\/2016).<\/strong><\/span><\/p>\n<p style=\"text-align: justify;\"><img loading=\"lazy\" decoding=\"async\" class=\" wp-image-11190 aligncenter\" src=\"http:\/\/www.timlilith-ib.fr\/wp-content\/uploads\/2015\/07\/Inauguration-st\u00e8le-IB.png\" alt=\"Inauguration st\u00e8le IB\" width=\"621\" height=\"418\" srcset=\"https:\/\/www.timlilith-ib.fr\/wp-content\/uploads\/2015\/07\/Inauguration-st\u00e8le-IB.png 1376w, https:\/\/www.timlilith-ib.fr\/wp-content\/uploads\/2015\/07\/Inauguration-st\u00e8le-IB-300x202.png 300w, https:\/\/www.timlilith-ib.fr\/wp-content\/uploads\/2015\/07\/Inauguration-st\u00e8le-IB-1024x689.png 1024w, https:\/\/www.timlilith-ib.fr\/wp-content\/uploads\/2015\/07\/Inauguration-st\u00e8le-IB-600x404.png 600w, https:\/\/www.timlilith-ib.fr\/wp-content\/uploads\/2015\/07\/Inauguration-st\u00e8le-IB-800x538.png 800w, https:\/\/www.timlilith-ib.fr\/wp-content\/uploads\/2015\/07\/Inauguration-st\u00e8le-IB-1200x808.png 1200w\" sizes=\"auto, (max-width: 621px) 100vw, 621px\" \/><\/p>\n<p style=\"text-align: justify;\">Toujours dans le cadre de l&rsquo;hommage que Timlilith Ighil Bougueni a souhait\u00e9 rendre \u00e0 l&rsquo;Association Sportive d&rsquo;Ighil Bougueni qui a exerc\u00e9 dans notre village entre 1989 et 1997 (<a href=\"http:\/\/www.timlilith-ib.fr\/?p=8757\">Lire cet article<\/a>),\u00a0nous vous proposons cette vid\u00e9o relative \u00e0 l&rsquo;inauguration de la st\u00e8le du village qui a eu lieu le\u00a01er Novembre 1994.<!--more--><\/p>\n<p style=\"text-align: justify;\">Merci \u00e0 Kamel AIT OUADDA d&rsquo;avoir partag\u00e9 avec nous ces images d&rsquo;archive.<\/p>\n<p style=\"text-align: justify;\">Bon visionnage.<\/p>\n<p style=\"text-align: justify;\">Timlilith-IB<\/p>\n<p><iframe loading=\"lazy\" title=\"Inauguration de la st\u00e8le du village  Ighil Bougueni - 1er novembre 1994\" width=\"474\" height=\"356\" src=\"https:\/\/www.youtube.com\/embed\/QFDl-zQn-tQ?feature=oembed\" frameborder=\"0\" allow=\"accelerometer; autoplay; clipboard-write; encrypted-media; gyroscope; picture-in-picture; web-share\" referrerpolicy=\"strict-origin-when-cross-origin\" allowfullscreen><\/iframe><\/p>\n<hr \/>\n<p style=\"text-align: justify;\"><strong><span style=\"color: #ff0000;\">L\u2019ASIB (Association Sportive d\u2019Ighil Bougueni). Quand le karat\u00e9 semait l&rsquo;espoir chez les jeunes d&rsquo;\u2019Ighil Bougueni. (Publi\u00e9 le 20\/02\/2015).<\/span><\/strong><\/p>\n<p style=\"text-align: justify;\"><img loading=\"lazy\" decoding=\"async\" class=\"wp-image-8761 size-full\" src=\"http:\/\/www.timlilith-ib.fr\/wp-content\/uploads\/2015\/02\/Karate-Ighil-Bougueni.jpg\" alt=\"Karate - Ighil Bougueni\" width=\"1745\" height=\"1165\" srcset=\"https:\/\/www.timlilith-ib.fr\/wp-content\/uploads\/2015\/02\/Karate-Ighil-Bougueni.jpg 1745w, https:\/\/www.timlilith-ib.fr\/wp-content\/uploads\/2015\/02\/Karate-Ighil-Bougueni-300x200.jpg 300w, https:\/\/www.timlilith-ib.fr\/wp-content\/uploads\/2015\/02\/Karate-Ighil-Bougueni-1024x684.jpg 1024w, https:\/\/www.timlilith-ib.fr\/wp-content\/uploads\/2015\/02\/Karate-Ighil-Bougueni-800x534.jpg 800w, https:\/\/www.timlilith-ib.fr\/wp-content\/uploads\/2015\/02\/Karate-Ighil-Bougueni-1200x801.jpg 1200w\" sizes=\"auto, (max-width: 1745px) 100vw, 1745px\" \/><\/p>\n<p style=\"text-align: justify;\">Lors de la f\u00eate de Timlilith-IB en date du 24 Janvier 2015, nous avons choisi de rendre hommage \u00e0 une association sportive, qui a exerc\u00e9 dans notre village Ighil Bougueni entre 1989 et 1997.<!--more--><\/p>\n<p style=\"text-align: justify;\">(ASIB) Association Sportive d\u2019Ighil Bougueni, puisque c&rsquo;est d&rsquo;elle dont\u00a0il s\u2019agit, a su gr\u00e2ce \u00e0 l\u2019\u00e9nergie positive de Kamal Ait Ouadda, de tous ceux qui ont cru en lui, ceux qui l\u2019ont support\u00e9 et ensuite l\u2019ont accompagn\u00e9, a su drainer l\u2019\u00e9nergie de toute une communaut\u00e9 afin de faire ressortir le meilleur d\u2019elle-m\u00eame et de redonner \u00e0 sa jeunesse une raison de croire en la r\u00e9ussite, \u00e0 un moment o\u00f9 on manquait cruellement d\u2019exemples \u00e0 suive. Au fils des feuillets de la pr\u00e9sentation ci-jointe, vous y d\u00e9couvrirez\u00a0le cheminement de l\u2019ASIB et quelques-unes de ses r\u00e9alisations. Le choix d\u2019un tel hommage n\u2019est de toute \u00e9vidence pas fortuit, il s\u2019inscrit en droite ligne avec le souhait de Timlilith-IB de contribuer dans la prise de conscience de notre jeunesse, sa motivation et sa mobilisation par l\u2019exemple. Timlilith-IB croit en notre jeunesse d\u2019Ighil Bougueni.<\/p>\n<p style=\"text-align: justify;\">Enfin, mille mercis \u00e0 Kamal Ait Ouadda pour avoir partag\u00e9 avec nous ces belles photos qui font partie de notre m\u00e9moire collective. Nous publierons d\u2019autres vid\u00e9os de cette association au fur et \u00e0 mesure que leur traitement sera compl\u00e9t\u00e9.<\/p>\n<p style=\"text-align: justify;\">Bon visionnement.<\/p>\n<p style=\"text-align: justify;\">Timlilith-IB<\/p>\n<div style=\"width: 474px;\" class=\"wp-video\"><video class=\"wp-video-shortcode\" id=\"video-13347-1\" width=\"474\" height=\"356\" preload=\"metadata\" controls=\"controls\"><source type=\"video\/mp4\" src=\"http:\/\/www.timlilith-ib.fr\/wp-content\/uploads\/2015\/02\/ASIB-par-Timlilith-IB.mp4?_=1\" \/><a href=\"http:\/\/www.timlilith-ib.fr\/wp-content\/uploads\/2015\/02\/ASIB-par-Timlilith-IB.mp4\">http:\/\/www.timlilith-ib.fr\/wp-content\/uploads\/2015\/02\/ASIB-par-Timlilith-IB.mp4<\/a><\/video><\/div>\n","protected":false},"excerpt":{"rendered":"<p>Information du : Club Sportif Amateur Association Sportive Ighil Bougueni (ASIB) : 29 Mai 2018. Bonjour \u00e0 toutes et \u00e0 tous, Il est port\u00e9 \u00e0 notre connaissance et aux fins de diffusions sur nos r\u00e9seaux sociaux qu&rsquo;un cross pour enfants, filles et gar\u00e7ons, sera organis\u00e9 \u00e0 l&rsquo;occasion de la journ\u00e9e internationale de l&rsquo;enfance le vendredi &hellip; <a href=\"https:\/\/www.timlilith-ib.fr\/?page_id=13347\" class=\"more-link\">Continuer la lecture de <span class=\"screen-reader-text\">Actualit\u00e9s des associations du village Ighil Bougueni.<\/span>  <span class=\"meta-nav\">&rarr;<\/span><\/a><\/p>\n","protected":false},"author":63,"featured_media":0,"parent":0,"menu_order":0,"comment_status":"closed","ping_status":"closed","template":"","meta":{"footnotes":""},"class_list":["post-13347","page","type-page","status-publish","hentry"],"jetpack_sharing_enabled":true,"_links":{"self":[{"href":"https:\/\/www.timlilith-ib.fr\/index.php?rest_route=\/wp\/v2\/pages\/13347","targetHints":{"allow":["GET"]}}],"collection":[{"href":"https:\/\/www.timlilith-ib.fr\/index.php?rest_route=\/wp\/v2\/pages"}],"about":[{"href":"https:\/\/www.timlilith-ib.fr\/index.php?rest_route=\/wp\/v2\/types\/page"}],"author":[{"embeddable":true,"href":"https:\/\/www.timlilith-ib.fr\/index.php?rest_route=\/wp\/v2\/users\/63"}],"replies":[{"embeddable":true,"href":"https:\/\/www.timlilith-ib.fr\/index.php?rest_route=%2Fwp%2Fv2%2Fcomments&post=13347"}],"version-history":[{"count":0,"href":"https:\/\/www.timlilith-ib.fr\/index.php?rest_route=\/wp\/v2\/pages\/13347\/revisions"}],"wp:attachment":[{"href":"https:\/\/www.timlilith-ib.fr\/index.php?rest_route=%2Fwp%2Fv2%2Fmedia&parent=13347"}],"curies":[{"name":"wp","href":"https:\/\/api.w.org\/{rel}","templated":true}]}}