{"id":13349,"date":"2016-04-22T13:45:17","date_gmt":"2016-04-22T12:45:17","guid":{"rendered":"http:\/\/www.timlilith-ib.fr\/?page_id=13349"},"modified":"2020-06-10T15:08:51","modified_gmt":"2020-06-10T13:08:51","slug":"autres","status":"publish","type":"page","link":"https:\/\/www.timlilith-ib.fr\/?page_id=13349","title":{"rendered":"Autres \u00e9v\u00e8nements\/activit\u00e9s"},"content":{"rendered":"<div id=\"fb-root\"><\/div>\n<p style=\"text-align: justify;\"><strong><a href=\"https:\/\/www.timlilith-ib.fr\/?p=27525\"><span style=\"color: #0000ff;\"><span style=\"font-size: 10pt;\">Retour en photos sur les travaux r\u00e9alis\u00e9s durant les trois mois de confinement au village Ighil Bougueni. (publi\u00e9 le 23\/05\/2020)<\/span><\/span><\/a><\/strong><\/p>\n<hr \/>\n<p class=\"entry-title\" style=\"text-align: justify;\"><span style=\"font-size: 12pt; color: #ff0000;\"><strong><span style=\"font-family: arial, helvetica, sans-serif;\"><a style=\"color: #ff0000;\" href=\"http:\/\/www.timlilith-ib.fr\/?p=26567\" target=\"_blank\" rel=\"noopener noreferrer\"><span style=\"font-size: 10pt; color: #0000ff;\">R\u00e9fection de l\u2019enrob\u00e9 bitumineux de la route principale du village (publi\u00e9 le 02\/02\/2020)<\/span><\/a><\/span><\/strong><\/span><\/p>\n<hr \/>\n<p class=\"entry-title\" style=\"text-align: justify;\"><span style=\"font-size: 10pt; color: #0000ff;\"><strong><span style=\"font-family: arial, helvetica, sans-serif;\"><a style=\"color: #0000ff;\" href=\"http:\/\/www.timlilith-ib.fr\/?p=26497\" target=\"_blank\" rel=\"noopener noreferrer\">Village Ighil Bougueni \u2013 Bilan imag\u00e9 des r\u00e9alisations de 2019 au sein du village et souhaits pour l\u2019ann\u00e9e 2020 (publi\u00e9 le 14\/O1\/2019)<\/a><\/span><\/strong><\/span><\/p>\n<hr \/>\n<p class=\"entry-title\" style=\"text-align: justify;\"><span style=\"font-size: 10pt; color: #0000ff;\"><strong><span style=\"font-family: arial, helvetica, sans-serif;\"><a style=\"color: #0000ff; text-decoration: underline;\" href=\"http:\/\/www.timlilith-ib.fr\/?p=26455\" target=\"_blank\" rel=\"noopener noreferrer\">Village Ighil Bougueni \u2013 Biblioth\u00e8que de lecture publique \u2013 Inventaire partiel des ouvrages au 30-Decembre-2019<\/a><\/span><\/strong><\/span><\/p>\n<hr \/>\n<p class=\"entry-title\" style=\"text-align: justify;\"><span style=\"font-size: 10pt; color: #0000ff;\"><strong><span style=\"font-family: arial, helvetica, sans-serif;\"><a style=\"color: #0000ff; text-decoration: underline;\" href=\"http:\/\/www.timlilith-ib.fr\/?p=26445\" target=\"_blank\" rel=\"noopener noreferrer\">Biblioth\u00e8que du village Ighil-Bougueni \u2013 Mes vacances \u2013 Ma biblioth\u00e8que \u2013 Mercredi 25 et Jeudi 26 D\u00e9cembre 2019<\/a><\/span><\/strong><\/span><\/p>\n<hr \/>\n<p class=\"entry-title\" style=\"text-align: justify;\"><span style=\"font-size: 10pt; color: #0000ff;\"><strong><span style=\"font-family: arial, helvetica, sans-serif;\"><a style=\"color: #0000ff; text-decoration: underline;\" href=\"http:\/\/www.timlilith-ib.fr\/?p=26307\" target=\"_blank\" rel=\"noopener noreferrer\">C\u00e9l\u00e9bration de la journ\u00e9e nationale de l\u2019arbre \u00e0 la biblioth\u00e8que d\u2019Ighil-Bougueni le vendredi 25-Octobre-2019<\/a><\/span><\/strong><\/span><\/p>\n<hr \/>\n<p class=\"entry-title\" style=\"text-align: justify;\"><span style=\"font-size: 10pt; color: #0000ff;\"><strong><span style=\"font-family: arial, helvetica, sans-serif;\"><a style=\"color: #0000ff; text-decoration: underline;\" href=\"http:\/\/www.timlilith-ib.fr\/?p=26291\" target=\"_blank\" rel=\"noopener noreferrer\">La biblioth\u00e8que d\u2019Ighil Bougueni ouvre ses portes pour la troisi\u00e8me \u00e9dition du festival de la bande dessin\u00e9e \u2013 Mardi 15-Octobre-2019 en Apr\u00e8s-midi \u00abTizi-Bulle\u00bb<\/a><\/span><\/strong><\/span><\/p>\n<hr \/>\n<p class=\"entry-title\" style=\"text-align: justify;\"><span style=\"font-size: 10pt; color: #0000ff;\"><strong><span style=\"font-family: arial, helvetica, sans-serif;\"><a style=\"color: #0000ff; text-decoration: underline;\" href=\"http:\/\/www.timlilith-ib.fr\/?p=26285\" target=\"_blank\" rel=\"noopener noreferrer\">Retour sur les journ\u00e9es portes ouvertes du 20 et 21 Septembre 2019 \u00e0 la biblioth\u00e8que d\u2019Ighil-Bougueni<\/a><\/span><\/strong><\/span><\/p>\n<hr \/>\n<p class=\"entry-title\" style=\"text-align: justify;\"><span style=\"font-size: 10pt; color: #0000ff;\"><strong><span style=\"font-family: arial, helvetica, sans-serif;\"><a style=\"color: #0000ff; text-decoration: underline;\" href=\"http:\/\/www.timlilith-ib.fr\/?p=25976\" target=\"_blank\" rel=\"noopener noreferrer\">Appel \u00e0 b\u00e9n\u00e9voles \u00e0 la biblioth\u00e8que d\u2019Ighil-Bougueni (publi\u00e9 le 27\/09\/2019)<\/a><\/span><\/strong><\/span><\/p>\n<hr \/>\n<p class=\"entry-title\" style=\"text-align: justify;\"><span style=\"font-size: 10pt; color: #0000ff;\"><strong><span style=\"font-family: arial, helvetica, sans-serif;\"><a style=\"color: #0000ff; text-decoration: underline;\" href=\"http:\/\/www.timlilith-ib.fr\/?p=25945\" target=\"_blank\" rel=\"noopener noreferrer\">Finalisation de la s\u00e9curisation de la route principale du village Ighil Bougueni (publi\u00e9 le 21\/09\/2019)<\/a><\/span><\/strong><\/span><\/p>\n<hr \/>\n<p class=\"entry-title\" style=\"text-align: justify;\"><span style=\"font-size: 10pt; color: #0000ff;\"><strong><span style=\"font-family: arial, helvetica, sans-serif;\"><a style=\"color: #0000ff; text-decoration: underline;\" href=\"http:\/\/www.timlilith-ib.fr\/?p=25897\" target=\"_blank\" rel=\"noopener noreferrer\">Journ\u00e9e portes ouvertes \u00e0 la biblioth\u00e8que d\u2019Ighil-Bougueni \u2013 Le 20 et 21 Septembre 2019<\/a><\/span><\/strong><\/span><\/p>\n<hr \/>\n<p class=\"entry-title\" style=\"text-align: justify;\"><span style=\"font-size: 10pt; color: #0000ff;\"><strong><span style=\"font-family: arial, helvetica, sans-serif;\"><a style=\"color: #0000ff; text-decoration: underline;\" href=\"http:\/\/www.timlilith-ib.fr\/?p=25877\" target=\"_blank\" rel=\"noopener noreferrer\">Concours Rabah A\u00efssat\u00a0\u00bb du village le plus propre \u2013 Apel \u00e0 la population d&rsquo;Ighil Bougueni pour une mobilisation g\u00e9n\u00e9rale (publi\u00e9 le 15\/09\/2019)<\/a><\/span><\/strong><\/span><\/p>\n<hr \/>\n<p class=\"entry-title\" style=\"text-align: justify;\"><span style=\"font-size: 10pt; color: #0000ff;\"><strong><span style=\"font-family: arial, helvetica, sans-serif;\"><a style=\"color: #0000ff; text-decoration: underline;\" href=\"http:\/\/www.timlilith-ib.fr\/?p=25863\" target=\"_blank\" rel=\"noopener noreferrer\">Apr\u00e8s la r\u00e9novation et l\u2019\u00e9quipement de la biblioth\u00e8que, c\u2019est au tour de la salle de sport du village d\u2019Ighil-Bougueni de connaitre le m\u00eame sort (publi\u00e9 le 08\/09\/2019)<\/a><\/span><\/strong><\/span><\/p>\n<hr \/>\n<p class=\"entry-title\" style=\"text-align: justify;\"><span style=\"font-size: 10pt; color: #0000ff;\"><strong><span style=\"font-family: arial, helvetica, sans-serif;\"><a style=\"color: #0000ff; text-decoration: underline;\" href=\"http:\/\/www.timlilith-ib.fr\/?p=25800\" target=\"_blank\" rel=\"noopener noreferrer\">Inauguration de la biblioth\u00e8que d\u2019Ighil-Bougueni (publi\u00e9 le 17\/08\/2019)<\/a><\/span><\/strong><\/span><\/p>\n<hr \/>\n<p class=\"entry-title\" style=\"text-align: justify;\"><span style=\"font-size: 10pt; color: #0000ff;\"><strong><span style=\"font-family: arial, helvetica, sans-serif;\"><a style=\"color: #0000ff; text-decoration: underline;\" href=\"http:\/\/www.timlilith-ib.fr\/?p=25443\" target=\"_blank\" rel=\"noopener noreferrer\">R\u00e9alisation d\u2019une biblioth\u00e8que au village Ighil-Bougueni \u2013 Un progr\u00e8s qui r\u00e9veille tous les espoirs (publi\u00e9 le 01\/06\/2019)<\/a><\/span><\/strong><\/span><\/p>\n<hr \/>\n<p class=\"entry-title\" style=\"text-align: justify;\"><span style=\"font-size: 10pt; color: #0000ff;\"><strong><span style=\"font-family: arial, helvetica, sans-serif;\"><a style=\"color: #0000ff; text-decoration: underline;\" href=\"http:\/\/www.timlilith-ib.fr\/?p=24972\" target=\"_blank\" rel=\"noopener noreferrer\">Une biblioth\u00e8que et l\u2019installation d\u2019un r\u00e9seau informatique au village Ighil Bougueni, un projet f\u00e9d\u00e9rateur (publi\u00e9 le 06\/04\/2019)<\/a><\/span><\/strong><\/span><\/p>\n<hr \/>\n<p class=\"entry-title\" style=\"text-align: justify;\"><span style=\"font-size: 10pt; color: #0000ff;\"><strong><span style=\"font-family: arial, helvetica, sans-serif;\"><a style=\"color: #0000ff; text-decoration: underline;\" href=\"http:\/\/www.timlilith-ib.fr\/?p=24703\" target=\"_blank\" rel=\"noopener noreferrer\">Appel \u00e0 dons. S\u00e9curisation d\u2019un tron\u00e7on de la route du village Ighil Bougueni (publi\u00e9 le 01\/03\/2019)<\/a><\/span><\/strong><\/span><\/p>\n<hr \/>\n<p class=\"entry-title\" style=\"text-align: justify;\"><span style=\"font-size: 10pt; color: #0000ff;\"><strong><span style=\"font-family: arial, helvetica, sans-serif;\"><a style=\"color: #0000ff; text-decoration: underline;\" href=\"http:\/\/www.timlilith-ib.fr\/?p=23792\" target=\"_blank\" rel=\"noopener noreferrer\">\u00c9largissement de la route au niveau de Lem\u025bins\u1e5ba At Wadda \u2013 Quelques centim\u00e8tres de plus sur le chemin du d\u00e9veloppement (publi\u00e9 le 04\/08\/2018)<\/a><\/span><\/strong><\/span><\/p>\n<hr \/>\n<p class=\"entry-title\" style=\"text-align: justify;\"><span style=\"font-size: 10pt; color: #0000ff;\"><strong><span style=\"font-family: arial, helvetica, sans-serif;\"><a style=\"color: #0000ff; text-decoration: underline;\" href=\"http:\/\/www.timlilith-ib.fr\/?p=19216\" target=\"_blank\" rel=\"noopener noreferrer\">Embellissement de la plateforme \u00ab Lma\u00efnssra Ath Ouadda \u00bb au village Ighil Bougueni (publi\u00e9 le 21\/10\/2017)<\/a><\/span><\/strong><\/span><\/p>\n<hr \/>\n<p class=\"entry-title\" style=\"text-align: justify;\"><span style=\"font-size: 10pt; color: #0000ff;\"><strong><span style=\"font-family: arial, helvetica, sans-serif;\"><a style=\"color: #0000ff; text-decoration: underline;\" href=\"http:\/\/www.timlilith-ib.fr\/?p=19131\" target=\"_blank\" rel=\"noopener noreferrer\">Les enfants de l\u2019\u00e9cole du village Ighil Bougueni d\u00e9couvrent le village de Tiferdoud (publi\u00e9 le 14\/10\/2019)<\/a><\/span><\/strong><\/span><\/p>\n<hr \/>\n<p class=\"entry-title\" style=\"text-align: justify;\"><span style=\"font-size: 10pt; color: #0000ff;\"><strong><span style=\"font-family: arial, helvetica, sans-serif;\"><a style=\"color: #0000ff; text-decoration: underline;\" href=\"http:\/\/www.timlilith-ib.fr\/?p=18887\" target=\"_blank\" rel=\"noopener noreferrer\">Op\u00e9ration d\u2019embellissement de l\u2019\u00e9cole primaire d\u2019Ighil Bougueni (publi\u00e9 le 21\/09\/2017)<\/a><\/span><\/strong><\/span><\/p>\n<hr \/>\n<p class=\"entry-title\" style=\"text-align: justify;\"><span style=\"font-size: 10pt; color: #0000ff;\"><strong><span style=\"font-family: arial, helvetica, sans-serif;\"><a style=\"color: #0000ff; text-decoration: underline;\" href=\"http:\/\/www.timlilith-ib.fr\/?p=18865\" target=\"_blank\" rel=\"noopener noreferrer\">Invitation \u00e0 l\u2019assembl\u00e9e g\u00e9n\u00e9rale du village Ighil Bougueni (publi\u00e9 le 20\/09\/2017)<\/a><\/span><\/strong><\/span><\/p>\n<hr \/>\n<p class=\"entry-title\" style=\"text-align: justify;\"><span style=\"font-size: 10pt; color: #0000ff;\"><strong><span style=\"font-family: arial, helvetica, sans-serif;\"><a style=\"color: #0000ff; text-decoration: underline;\" href=\"http:\/\/www.timlilith-ib.fr\/?p=18651\" target=\"_blank\" rel=\"noopener noreferrer\">Les laur\u00e9ats aux examens prim\u00e9s au village Ighil Bougueni (publi\u00e9 le 17\/08\/2017)<\/a><\/span><\/strong><\/span><\/p>\n<hr \/>\n<p style=\"text-align: justify;\"><span style=\"font-size: 10pt; font-family: arial, helvetica, sans-serif; color: #0000ff;\"><strong><span style=\"font-family: arial, helvetica, sans-serif;\"><a style=\"color: #0000ff; text-decoration: underline;\" href=\"http:\/\/www.timlilith-ib.fr\/?p=18481\" target=\"_blank\" rel=\"noopener noreferrer\">Est-il temps de s\u2019occuper de l\u2019environnement \u00e0 Ighil Bougueni ? (publi\u00e9 le 06\/07\/2017)<\/a><\/span><\/strong><\/span><\/p>\n<hr \/>\n<p style=\"text-align: justify;\"><span style=\"font-size: 10pt; font-family: arial, helvetica, sans-serif; color: #0000ff;\"><a style=\"color: #0000ff; text-decoration: underline;\" href=\"http:\/\/www.timlilith-ib.fr\/?p=15449\"><strong>Nouvelles du village Ighil Bougueni : Le gaz de ville est arriv\u00e9 le 7 d\u00e9cembre 2016. (publi\u00e9 le 11\/12\/2016).<\/strong><\/a><\/span><\/p>\n<hr \/>\n<p style=\"text-align: justify;\"><span style=\"font-size: 10pt; font-family: arial, helvetica, sans-serif; color: #0000ff;\"><a style=\"color: #0000ff; text-decoration: underline;\" href=\"http:\/\/www.timlilith-ib.fr\/?p=15103\"><strong>Adyarhem rebi chuhada n&rsquo;tmurt negh. Gloire \u00e0 nos martyrs tomb\u00e9s au champ d&rsquo;honneur.( Publi\u00e9 le 1er Novembre 2016 )<\/strong><\/a><\/span><\/p>\n<hr \/>\n<p style=\"text-align: justify;\"><span style=\"font-size: 10pt; color: #0000ff; font-family: arial, helvetica, sans-serif;\"><strong><a style=\"color: #0000ff; text-decoration: underline;\" href=\"http:\/\/www.timlilith-ib.fr\/?p=11508\">T\u00e9moignage de Si El Hafidh, au village Ighil Bougueni, le 1er Novembre 1994 (publi\u00e9 le 01\/11\/2015)<\/a><br \/>\n<\/strong><\/span><\/p>\n<hr \/>\n<p style=\"text-align: justify;\"><span style=\"color: #0000ff; font-size: 10pt; font-family: arial, helvetica, sans-serif;\"><strong><a style=\"color: #0000ff; text-decoration: underline;\" href=\"http:\/\/www.timlilith-ib.fr\/?p=11185\">Inauguration de la st\u00e8le du village &#8211; 1er novembre 1994 (publi\u00e9 le 11\/07\/2015)<\/a><br \/>\n<\/strong><\/span><\/p>\n<hr \/>\n<p style=\"text-align: justify;\"><span style=\"font-size: 10pt; color: #0000ff; font-family: arial, helvetica, sans-serif;\"><strong><a style=\"color: #0000ff; text-decoration: underline;\" href=\"http:\/\/www.timlilith-ib.fr\/?p=9090\">Voyage \u00e0 \u00ab\u00a0L&rsquo;huilerie du Carrefour\u00a0\u00bb (publi\u00e9 le <abbr title=\"07\/04\/2015 19 h 26 min 55 s\">07\/04\/2015<\/abbr>)<\/a><br \/>\n<\/strong><\/span><\/p>\n<hr \/>\n<p><span style=\"font-family: arial, helvetica, sans-serif; font-size: 10pt; color: #0000ff;\"><a style=\"color: #0000ff; text-decoration: underline;\" href=\"http:\/\/www.timlilith-ib.fr\/?p=6507\" target=\"_blank\" rel=\"noopener noreferrer\"><strong>Hommage \u00e0 nos fr\u00e8res rest\u00e9s au pays et au village (publi\u00e9 le 14\/05\/2014)<\/strong><\/a><\/span><\/p>\n","protected":false},"excerpt":{"rendered":"<p>Retour en photos sur les travaux r\u00e9alis\u00e9s durant les trois mois de confinement au village Ighil Bougueni. (publi\u00e9 le 23\/05\/2020) R\u00e9fection de l\u2019enrob\u00e9 bitumineux de la route principale du village (publi\u00e9 le 02\/02\/2020) Village Ighil Bougueni \u2013 Bilan imag\u00e9 des r\u00e9alisations de 2019 au sein du village et souhaits pour l\u2019ann\u00e9e 2020 (publi\u00e9 le 14\/O1\/2019) &hellip; <a href=\"https:\/\/www.timlilith-ib.fr\/?page_id=13349\" class=\"more-link\">Continuer la lecture de <span class=\"screen-reader-text\">Autres \u00e9v\u00e8nements\/activit\u00e9s<\/span>  <span class=\"meta-nav\">&rarr;<\/span><\/a><\/p>\n","protected":false},"author":63,"featured_media":0,"parent":0,"menu_order":0,"comment_status":"closed","ping_status":"closed","template":"","meta":{"footnotes":""},"class_list":["post-13349","page","type-page","status-publish","hentry"],"jetpack_sharing_enabled":true,"_links":{"self":[{"href":"https:\/\/www.timlilith-ib.fr\/index.php?rest_route=\/wp\/v2\/pages\/13349","targetHints":{"allow":["GET"]}}],"collection":[{"href":"https:\/\/www.timlilith-ib.fr\/index.php?rest_route=\/wp\/v2\/pages"}],"about":[{"href":"https:\/\/www.timlilith-ib.fr\/index.php?rest_route=\/wp\/v2\/types\/page"}],"author":[{"embeddable":true,"href":"https:\/\/www.timlilith-ib.fr\/index.php?rest_route=\/wp\/v2\/users\/63"}],"replies":[{"embeddable":true,"href":"https:\/\/www.timlilith-ib.fr\/index.php?rest_route=%2Fwp%2Fv2%2Fcomments&post=13349"}],"version-history":[{"count":0,"href":"https:\/\/www.timlilith-ib.fr\/index.php?rest_route=\/wp\/v2\/pages\/13349\/revisions"}],"wp:attachment":[{"href":"https:\/\/www.timlilith-ib.fr\/index.php?rest_route=%2Fwp%2Fv2%2Fmedia&parent=13349"}],"curies":[{"name":"wp","href":"https:\/\/api.w.org\/{rel}","templated":true}]}}