{"id":18462,"date":"2017-07-04T10:13:25","date_gmt":"2017-07-04T08:13:25","guid":{"rendered":"http:\/\/www.timlilith-ib.fr\/?page_id=18462"},"modified":"2020-02-10T14:25:05","modified_gmt":"2020-02-10T13:25:05","slug":"projet-des-3-fontaines-2","status":"publish","type":"page","link":"https:\/\/www.timlilith-ib.fr\/?page_id=18462","title":{"rendered":"Projet des 3 fontaines au village Ighil Bougueni"},"content":{"rendered":"<div id=\"fb-root\"><\/div>\n<p style=\"text-align: center;\"><a href=\"http:\/\/www.timlilith-ib.fr\/wp-content\/uploads\/2016\/12\/cropped-dessin-projet.jpg\"><img loading=\"lazy\" decoding=\"async\" class=\"aligncenter size-full wp-image-15431\" src=\"http:\/\/www.timlilith-ib.fr\/wp-content\/uploads\/2016\/12\/cropped-dessin-projet.jpg\" alt=\"\" width=\"1260\" height=\"559\" srcset=\"https:\/\/www.timlilith-ib.fr\/wp-content\/uploads\/2016\/12\/cropped-dessin-projet.jpg 1260w, https:\/\/www.timlilith-ib.fr\/wp-content\/uploads\/2016\/12\/cropped-dessin-projet-600x266.jpg 600w, https:\/\/www.timlilith-ib.fr\/wp-content\/uploads\/2016\/12\/cropped-dessin-projet-800x355.jpg 800w, https:\/\/www.timlilith-ib.fr\/wp-content\/uploads\/2016\/12\/cropped-dessin-projet-1200x532.jpg 1200w\" sizes=\"auto, (max-width: 1260px) 100vw, 1260px\" \/><\/a><em>Ce projet est une collaboration entre l&rsquo;association Timlilith-Ighil Bougueni soutenue par la communaut\u00e9 \u00e9migr\u00e9e originaire du village Ighil Bougueni et d&rsquo;ailleurs, l&rsquo;association sociale du village Ighil Bougueni (ASIB) et l&rsquo;ensemble de la population du village Igil Bougeuni, le FORIM\/AFD dans le cadre du programme PRA\/OSIM (France), le d\u00e9partement de l&rsquo;ESSONNE (France) et l&rsquo;entreprise STAF (France)<br \/>\n<\/em><\/p>\n<p><img loading=\"lazy\" decoding=\"async\" class=\"size-full wp-image-26618 aligncenter\" src=\"http:\/\/www.timlilith-ib.fr\/wp-content\/uploads\/2016\/11\/logos-tib-asib-et-finaceurs.jpg\" alt=\"\" width=\"406\" height=\"243\" data-wp-pid=\"26618\" \/><\/p>\n<p><span style=\"font-size: 12pt; font-family: arial, helvetica, sans-serif;\"><a href=\"http:\/\/www.timlilith-ib.fr\/?p=24038\" target=\"_blank\" rel=\"noopener noreferrer\"><strong>Village Ighil Bougueni \u2013 Inauguration de trois fontaines publiques, Zerda N\u2019Yemma Lmi\u1e63u\u1e5ba \u2013 La presse nationale en parle (<\/strong><\/a><strong><a href=\"http:\/\/www.timlilith-ib.fr\/?p=24038\" rel=\"bookmark\">22 ao\u00fbt 2018).<\/a><\/strong><\/span><\/p>\n<p><span style=\"font-size: 12pt; font-family: arial, helvetica, sans-serif;\"><a href=\"http:\/\/www.timlilith-ib.fr\/?p=23904\" target=\"_blank\" rel=\"noopener noreferrer\"><strong>Jour d\u2019inauguration des 3 fontaines au village Ighil Bougueni (<\/strong><\/a><\/span><strong><a href=\"http:\/\/www.timlilith-ib.fr\/?p=23904\" rel=\"bookmark\"><span style=\"font-size: 12pt; font-family: arial, helvetica, sans-serif;\">9 ao\u00fbt 2018).<\/span><\/a><\/strong><\/p>\n<p><strong><span style=\"font-family: arial,helvetica,sans-serif; font-size: 12pt;\"><a href=\"http:\/\/www.timlilith-ib.fr\/?p=23133\" target=\"_blank\" rel=\"noopener noreferrer\">Projet des 3 fontaines : r\u00e9ception officielle des ouvrages (publi\u00e9 le <\/a><a href=\"http:\/\/www.timlilith-ib.fr\/?p=23133\" rel=\"bookmark\">12 mai 2018<\/a><\/span>).<\/strong><\/p>\n<hr \/>\n<p><strong><span style=\"font-family: arial,helvetica,sans-serif; font-size: 12pt;\"><a href=\"http:\/\/www.timlilith-ib.fr\/?p=23097\" target=\"_blank\" rel=\"noopener noreferrer\">Projet des 3 fontaines : poursuite des essais des fontaines (<\/a><a href=\"http:\/\/www.timlilith-ib.fr\/?p=23097\" rel=\"bookmark\">20 avril 2018<\/a><\/span>).<\/strong><\/p>\n<hr \/>\n<p><strong><span style=\"font-size: 12pt;\"><a href=\"http:\/\/www.timlilith-ib.fr\/?p=23061\" target=\"_blank\" rel=\"bookmark noopener noreferrer\"><span style=\"font-family: arial,helvetica,sans-serif;\">Projet 3 fontaines \u2013 Mise en service de la premi\u00e8re fontaine : op\u00e9ration r\u00e9ussie ! (publi\u00e9 le <\/span><\/a><a href=\"http:\/\/www.timlilith-ib.fr\/?p=23061\" rel=\"bookmark\">13 avril 2018).<\/a><\/span><\/strong><\/p>\n<p><span style=\"font-family: arial, helvetica, sans-serif; font-size: 12pt;\"><a href=\"http:\/\/www.timlilith-ib.fr\/?p=22999\" target=\"_blank\" rel=\"noopener noreferrer\"><strong>22 Mars : journ\u00e9e mondiale de l\u2019eau (publi\u00e9 le <\/strong><\/a><\/span><strong><a href=\"http:\/\/www.timlilith-ib.fr\/?p=22999\" rel=\"bookmark\"><span style=\"font-family: arial, helvetica, sans-serif; font-size: 12pt;\">22 mars 2018).<\/span><\/a><\/strong><\/p>\n<hr \/>\n<p><strong><span style=\"font-size: 12pt;\"><a href=\"http:\/\/www.timlilith-ib.fr\/?p=19462\" target=\"_blank\" rel=\"noopener noreferrer\"><span style=\"font-family: arial,helvetica,sans-serif;\">Avanc\u00e9es r\u00e9centes <span style=\"color: #339966;\">du<\/span> projet des 3 fontaines : focus sur les villageois et les autres partenaires du projet (publi\u00e9 le <\/span><\/a><a href=\"http:\/\/www.timlilith-ib.fr\/?p=19462\" rel=\"bookmark\"><time class=\"entry-date\" datetime=\"2017-11-27T20:00:03+01:00\">27 novembre 2017).<\/time><\/a><\/span><\/strong><\/p>\n<hr \/>\n<p><strong><span style=\"font-size: 12pt;\"><span style=\"font-family: arial,helvetica,sans-serif;\"><a href=\"http:\/\/www.timlilith-ib.fr\/?p=18319\" target=\"_blank\" rel=\"noopener noreferrer\">Projet des 3 fontaines : focus sur l&rsquo;\u00e9cole du village (publi\u00e9 le 29 Juin 2017)<\/a><\/span><\/span><\/strong><\/p>\n<hr \/>\n<p><strong><span style=\"font-size: 12pt;\"><span style=\"font-family: arial,helvetica,sans-serif;\"><a href=\"http:\/\/www.timlilith-ib.fr\/?p=18248\" target=\"_blank\" rel=\"noopener noreferrer\">R\u00e9union des femmes du village Ighil Bougueni pour le projet des 3 fontaines (publi\u00e9 le 26 Mai 2017)<\/a><\/span><\/span><\/strong><\/p>\n<hr \/>\n<p><strong><span style=\"font-size: 12pt;\"><span style=\"font-family: arial,helvetica,sans-serif;\"><a href=\"http:\/\/www.timlilith-ib.fr\/?p=18193\" target=\"_blank\" rel=\"noopener noreferrer\">Projet des 3 fontaines au village Ighil Bougueni : Avanc\u00e9es r\u00e9centes (publi\u00e9 le 21 Mai 2017).<\/a><\/span><\/span><\/strong><\/p>\n<hr \/>\n<p><strong><span style=\"font-size: 12pt;\"><span style=\"font-family: arial,helvetica,sans-serif;\"><a href=\"http:\/\/www.timlilith-ib.fr\/?p=18027\" target=\"_blank\" rel=\"noopener noreferrer\">Projet 3 fontaines : campagne de dons au village Ighil Bougueni (publi\u00e9 le 4 Avril 2017).<\/a><\/span><\/span><\/strong><\/p>\n<hr \/>\n<p><strong><span style=\"font-size: 12pt;\"><span style=\"font-family: arial,helvetica,sans-serif;\"><a href=\"http:\/\/www.timlilith-ib.fr\/?p=17825\" target=\"_blank\" rel=\"noopener noreferrer\">Projet des 3 fontaines : 2\u00e8me volontariat au village Ighil Bougueni, ce vendredi 17 Mars 2017 (Publi\u00e9 le 15 Mars 2017).<\/a><\/span><\/span><\/strong><\/p>\n<hr \/>\n<p><strong><span style=\"font-size: 12pt;\"><a href=\"http:\/\/www.timlilith-ib.fr\/?p=17659\" target=\"_blank\" rel=\"noopener noreferrer\">Projet des 3 fontaines : tichemlith au village Ighil Bougueni, en direct (publi\u00e9 le 10\/03\/2017).<\/a><\/span><\/strong><\/p>\n<hr \/>\n<p><strong><span style=\"font-size: 12pt;\"><a href=\"http:\/\/www.timlilith-ib.fr\/?p=17595\" target=\"_blank\" rel=\"noopener noreferrer\">D\u00e9marrage du projet des 3 fontaines au village Ighil Bougueni.du village Ighil Bougueni\u00a0 (publi\u00e9 le 08\/03\/2017).<\/a><\/span><\/strong><\/p>\n<hr \/>\n<p><strong><span style=\"font-size: 12pt;\"><span style=\"font-family: arial,helvetica,sans-serif;\"><a href=\"http:\/\/www.timlilith-ib.fr\/?p=15650\" target=\"_blank\" rel=\"bookmark noopener noreferrer\">4\u00e8me Point sur l\u2019appel \u00e0 participation au profit du projet \u00ab\u00a03 fontaines au village Ighil Bougueni\u00a0\u00bb avant la f\u00eate du village (publi\u00e9 le 02\/01\/2017).<\/a><\/span><\/span><\/strong><\/p>\n<hr \/>\n<p><strong><span style=\"font-size: 12pt;\"><span style=\"font-family: arial,helvetica,sans-serif;\"><a href=\"http:\/\/www.timlilith-ib.fr\/?p=15346\" target=\"_blank\" rel=\"bookmark noopener noreferrer\">3\u00e8me point sur l\u2019appel \u00e0 participation au profit du projet \u00ab\u00a03 fontaines au village Ighil Bougueni\u00a0\u00bb (publi\u00e9 le 02\/12\/201<span style=\"color: #41a62a;\">6<\/span>).<\/a><\/span><\/span><\/strong><\/p>\n<hr \/>\n<p><strong><span style=\"font-size: 12pt;\"><span style=\"font-family: arial,helvetica,sans-serif;\"><a href=\"http:\/\/www.timlilith-ib.fr\/?p=15303\" target=\"_blank\" rel=\"bookmark noopener noreferrer\">Second point sur la lev\u00e9e de fonds pour le projet des \u00ab 3 fontaines au village Ighil Bougueni \u00bb (publi\u00e9 le 22\/11\/2016).<\/a><\/span><\/span><\/strong><\/p>\n<hr \/>\n<p><strong><span style=\"font-size: 12pt;\"><span style=\"font-family: arial,helvetica,sans-serif;\"><a href=\"http:\/\/www.timlilith-ib.fr\/?p=15255\" target=\"_blank\" rel=\"noopener noreferrer\">L&rsquo;assembl\u00e9e g\u00e9n\u00e9rale du village a discut\u00e9 du projet 3 fontaines (Publi\u00e9 le 18\/11\/2016).<\/a><\/span><\/span><\/strong><\/p>\n<hr \/>\n<p><strong><span style=\"font-size: 12pt;\"><span style=\"font-family: arial,helvetica,sans-serif;\"><a href=\"http:\/\/www.timlilith-ib.fr\/?p=15196\" target=\"_blank\" rel=\"noopener noreferrer\">Les habitants du village ighil bougueni mobilis\u00e9s pour le projet des 3 fontaines (Publi\u00e9 le 16\/11\/2016).<\/a><\/span><\/span><\/strong><\/p>\n<hr \/>\n<p><strong><span style=\"font-size: 12pt;\"><span style=\"font-family: arial,helvetica,sans-serif;\"><a href=\"http:\/\/www.timlilith-ib.fr\/?p=14512\" target=\"_blank\" rel=\"noopener noreferrer\">Point sur l\u2019appel \u00e0 participation au projet \u00ab3 fontaines au village Ighil Bougueni\u00bb (publi\u00e9 le 02\/11\/2016)<\/a>.<br \/>\n<\/span><\/span><\/strong><\/p>\n<hr \/>\n<p><span style=\"font-size: 12pt; font-family: arial,helvetica,sans-serif;\"><strong><a href=\"http:\/\/www.timlilith-ib.fr\/?p=14858\" target=\"_blank\" rel=\"bookmark noopener noreferrer\">Projet \u00ab\u00a03 fontaines au village Ighil Bougueni\u00a0\u00bb: Appel \u00e0 participation (publi\u00e9 le 16\/09\/2016).<\/a><\/strong><\/span><\/p>\n<hr \/>\n<p><span style=\"color: #008000;\"><strong><span style=\"font-size: 12pt;\"><span style=\"font-family: arial,helvetica,sans-serif;\"><a style=\"color: #008000;\" href=\"http:\/\/www.timlilith-ib.fr\/?p=14249\" target=\"_blank\" rel=\"noopener noreferrer\">De La\u00efnser \u00e0 Sahridj&#8230;.. La balade des sources (suite et fin) (<\/a><a href=\"http:\/\/www.timlilith-ib.fr\/?p=14249\" rel=\"bookmark\">publi\u00e9 le 29 juin 2016<\/a><\/span>).<\/span><\/strong><\/span><\/p>\n<hr \/>\n<p><strong><span style=\"color: #008000;\"><span style=\"font-size: 12pt;\"><a style=\"color: #008000;\" href=\"http:\/\/www.timlilith-ib.fr\/?p=14185\" target=\"_blank\" rel=\"noopener noreferrer\"><span style=\"font-family: arial,helvetica,sans-serif;\">De La\u00efnser \u00e0 Sahridj&#8230;.. La balade des sources (1\u00e8re partie) <\/span><\/a><a href=\"http:\/\/www.timlilith-ib.fr\/?p=14185\" rel=\"bookmark\">(publi\u00e9 le 23 juin 2016)<\/a><\/span>.<\/span><\/strong><\/p>\n<p>&nbsp;<\/p>\n","protected":false},"excerpt":{"rendered":"<p>Ce projet est une collaboration entre l&rsquo;association Timlilith-Ighil Bougueni soutenue par la communaut\u00e9 \u00e9migr\u00e9e originaire du village Ighil Bougueni et d&rsquo;ailleurs, l&rsquo;association sociale du village Ighil Bougueni (ASIB) et l&rsquo;ensemble de la population du village Igil Bougeuni, le FORIM\/AFD dans le cadre du programme PRA\/OSIM (France), le d\u00e9partement de l&rsquo;ESSONNE (France) et l&rsquo;entreprise STAF (France) &hellip; <a href=\"https:\/\/www.timlilith-ib.fr\/?page_id=18462\" class=\"more-link\">Continuer la lecture de <span class=\"screen-reader-text\">Projet des 3 fontaines au village Ighil Bougueni<\/span>  <span class=\"meta-nav\">&rarr;<\/span><\/a><\/p>\n","protected":false},"author":63,"featured_media":0,"parent":0,"menu_order":0,"comment_status":"closed","ping_status":"closed","template":"","meta":{"footnotes":""},"class_list":["post-18462","page","type-page","status-publish","hentry"],"jetpack_sharing_enabled":true,"_links":{"self":[{"href":"https:\/\/www.timlilith-ib.fr\/index.php?rest_route=\/wp\/v2\/pages\/18462","targetHints":{"allow":["GET"]}}],"collection":[{"href":"https:\/\/www.timlilith-ib.fr\/index.php?rest_route=\/wp\/v2\/pages"}],"about":[{"href":"https:\/\/www.timlilith-ib.fr\/index.php?rest_route=\/wp\/v2\/types\/page"}],"author":[{"embeddable":true,"href":"https:\/\/www.timlilith-ib.fr\/index.php?rest_route=\/wp\/v2\/users\/63"}],"replies":[{"embeddable":true,"href":"https:\/\/www.timlilith-ib.fr\/index.php?rest_route=%2Fwp%2Fv2%2Fcomments&post=18462"}],"version-history":[{"count":0,"href":"https:\/\/www.timlilith-ib.fr\/index.php?rest_route=\/wp\/v2\/pages\/18462\/revisions"}],"wp:attachment":[{"href":"https:\/\/www.timlilith-ib.fr\/index.php?rest_route=%2Fwp%2Fv2%2Fmedia&parent=18462"}],"curies":[{"name":"wp","href":"https:\/\/api.w.org\/{rel}","templated":true}]}}