{"id":233,"date":"2012-07-02T20:20:05","date_gmt":"2012-07-02T19:20:05","guid":{"rendered":"http:\/\/www.timlilith-ib.fr\/?page_id=233"},"modified":"2015-12-22T16:54:28","modified_gmt":"2015-12-22T15:54:28","slug":"comptes-rendus","status":"publish","type":"page","link":"https:\/\/www.timlilith-ib.fr\/?page_id=233","title":{"rendered":"Comptes rendus de r\u00e9unions"},"content":{"rendered":"<div id=\"fb-root\"><\/div>\n<p style=\"text-align: justify;\"><span style=\"font-size: 14pt;\">\u00a0Bonjour,<\/span><\/p>\n<p style=\"text-align: justify;\"><span style=\"font-size: 14pt;\">Les comptes rendus de r\u00e9union et autres documents internes \u00e0 l&rsquo;association Timlilith-Ighil Bougueni <span style=\"text-decoration: underline;\">ne sont accessibles qu&rsquo;aux administrateurs ou adh\u00e9rents de l&rsquo;association<\/span>. Si vous \u00eates administrateur de l&rsquo;association, vous aurez automatiquement acc\u00e8s \u00e0 ces documents via la rubrique \u00ab\u00a0<a href=\"http:\/\/www.timlilith-ib.fr\/?page_id=5928\">Espace administrateurs<\/a>\u00a0\u00bb en vous connectant par votre <span style=\"font-size: 14pt;\">identifiant <\/span> et mot de passe (en haut, \u00e0 droite de la page). Si vous \u00eates adh\u00e9rents de Timlilith-Ighil Bougueni, veuillez vous adresser au bureau de l&rsquo;association (voir formulaire de contact ci dessous) pour obtenir le ou les documents qui vous int\u00e9ressent. Si vous n&rsquo;\u00eates pas encore adh\u00e9rent \u00e0 l&rsquo;association Timlilith-Ighil Bougueni, nous vous invitons \u00e0 consulter la rubrique <a href=\"http:\/\/www.timlilith-ib.fr\/?page_id=41\">\u00ab\u00a0Adh\u00e9sion\u00a0\u00bb<\/a><br \/>\n<\/span><\/p>\n<p style=\"text-align: justify;\"><span style=\"font-size: 14pt;\">L&rsquo;association Timlilith-Ighil Bougueni.<\/span><\/p>\n<p style=\"text-align: justify;\">Contacter le bureau de l&rsquo;association: <p class=\"wpcf7-contact-form-not-found\"><strong>Erreur\u00a0:<\/strong> Formulaire de contact non trouv\u00e9\u00a0!<\/p><\/p>\n","protected":false},"excerpt":{"rendered":"<p>\u00a0Bonjour, Les comptes rendus de r\u00e9union et autres documents internes \u00e0 l&rsquo;association Timlilith-Ighil Bougueni ne sont accessibles qu&rsquo;aux administrateurs ou adh\u00e9rents de l&rsquo;association. Si vous \u00eates administrateur de l&rsquo;association, vous aurez automatiquement acc\u00e8s \u00e0 ces documents via la rubrique \u00ab\u00a0Espace administrateurs\u00a0\u00bb en vous connectant par votre identifiant et mot de passe (en haut, \u00e0 droite &hellip; <a href=\"https:\/\/www.timlilith-ib.fr\/?page_id=233\" class=\"more-link\">Continuer la lecture de <span class=\"screen-reader-text\">Comptes rendus de r\u00e9unions<\/span>  <span class=\"meta-nav\">&rarr;<\/span><\/a><\/p>\n","protected":false},"author":1,"featured_media":2555,"parent":149,"menu_order":3,"comment_status":"closed","ping_status":"closed","template":"","meta":{"footnotes":""},"class_list":["post-233","page","type-page","status-publish","has-post-thumbnail","hentry"],"jetpack_sharing_enabled":false,"_links":{"self":[{"href":"https:\/\/www.timlilith-ib.fr\/index.php?rest_route=\/wp\/v2\/pages\/233","targetHints":{"allow":["GET"]}}],"collection":[{"href":"https:\/\/www.timlilith-ib.fr\/index.php?rest_route=\/wp\/v2\/pages"}],"about":[{"href":"https:\/\/www.timlilith-ib.fr\/index.php?rest_route=\/wp\/v2\/types\/page"}],"author":[{"embeddable":true,"href":"https:\/\/www.timlilith-ib.fr\/index.php?rest_route=\/wp\/v2\/users\/1"}],"replies":[{"embeddable":true,"href":"https:\/\/www.timlilith-ib.fr\/index.php?rest_route=%2Fwp%2Fv2%2Fcomments&post=233"}],"version-history":[{"count":0,"href":"https:\/\/www.timlilith-ib.fr\/index.php?rest_route=\/wp\/v2\/pages\/233\/revisions"}],"up":[{"embeddable":true,"href":"https:\/\/www.timlilith-ib.fr\/index.php?rest_route=\/wp\/v2\/pages\/149"}],"wp:featuredmedia":[{"embeddable":true,"href":"https:\/\/www.timlilith-ib.fr\/index.php?rest_route=\/wp\/v2\/media\/2555"}],"wp:attachment":[{"href":"https:\/\/www.timlilith-ib.fr\/index.php?rest_route=%2Fwp%2Fv2%2Fmedia&parent=233"}],"curies":[{"name":"wp","href":"https:\/\/api.w.org\/{rel}","templated":true}]}}