{"id":2404,"date":"2013-01-06T23:14:18","date_gmt":"2013-01-06T22:14:18","guid":{"rendered":"http:\/\/www.timlilith-ib.fr\/?page_id=2404"},"modified":"2014-05-08T17:36:46","modified_gmt":"2014-05-08T16:36:46","slug":"photos-darchive","status":"publish","type":"page","link":"https:\/\/www.timlilith-ib.fr\/?page_id=2404","title":{"rendered":"Photos d&rsquo;archive"},"content":{"rendered":"<div id=\"fb-root\"><\/div>\n<div id='gallery-1' class='gallery galleryid-2404 gallery-columns-4 gallery-size-thumbnail'><figure class='gallery-item'>\n\t\t\t<div class='gallery-icon landscape'>\n\t\t\t\t<a href='https:\/\/www.timlilith-ib.fr\/wp-content\/uploads\/2013\/01\/F\u00eate-de-lA\u00efd-\u00e0-Vava-lHadj-en-1952.jpg'><img loading=\"lazy\" decoding=\"async\" width=\"96\" height=\"96\" src=\"https:\/\/www.timlilith-ib.fr\/wp-content\/uploads\/2013\/01\/F\u00eate-de-lA\u00efd-\u00e0-Vava-lHadj-en-1952-150x150.jpg\" class=\"attachment-thumbnail size-thumbnail\" alt=\"\" srcset=\"https:\/\/www.timlilith-ib.fr\/wp-content\/uploads\/2013\/01\/F\u00eate-de-lA\u00efd-\u00e0-Vava-lHadj-en-1952-150x150.jpg 150w, https:\/\/www.timlilith-ib.fr\/wp-content\/uploads\/2013\/01\/F\u00eate-de-lA\u00efd-\u00e0-Vava-lHadj-en-1952-600x600-cropped.jpg 600w, https:\/\/www.timlilith-ib.fr\/wp-content\/uploads\/2013\/01\/F\u00eate-de-lA\u00efd-\u00e0-Vava-lHadj-en-1952-1200x1200-cropped.jpg 1200w\" sizes=\"auto, (max-width: 96px) 100vw, 96px\" \/><\/a>\n\t\t\t<\/div><\/figure><figure class='gallery-item'>\n\t\t\t<div class='gallery-icon portrait'>\n\t\t\t\t<a href='https:\/\/www.timlilith-ib.fr\/wp-content\/uploads\/2013\/01\/Ighil-Bougueni-ann\u00e9es-50-1.jpg'><img loading=\"lazy\" decoding=\"async\" width=\"96\" height=\"96\" src=\"https:\/\/www.timlilith-ib.fr\/wp-content\/uploads\/2013\/01\/Ighil-Bougueni-ann\u00e9es-50-1-150x150.jpg\" class=\"attachment-thumbnail size-thumbnail\" alt=\"\" \/><\/a>\n\t\t\t<\/div><\/figure><figure class='gallery-item'>\n\t\t\t<div class='gallery-icon landscape'>\n\t\t\t\t<a href='https:\/\/www.timlilith-ib.fr\/wp-content\/uploads\/2013\/01\/Ighil-Bougueni-ann\u00e9es-50-2.jpg'><img loading=\"lazy\" decoding=\"async\" width=\"96\" height=\"96\" src=\"https:\/\/www.timlilith-ib.fr\/wp-content\/uploads\/2013\/01\/Ighil-Bougueni-ann\u00e9es-50-2-150x150.jpg\" class=\"attachment-thumbnail size-thumbnail\" alt=\"\" \/><\/a>\n\t\t\t<\/div><\/figure><figure class='gallery-item'>\n\t\t\t<div class='gallery-icon landscape'>\n\t\t\t\t<a href='https:\/\/www.timlilith-ib.fr\/wp-content\/uploads\/2013\/01\/Timlilith-IB-Les-origines.jpg'><img loading=\"lazy\" decoding=\"async\" width=\"96\" height=\"96\" src=\"https:\/\/www.timlilith-ib.fr\/wp-content\/uploads\/2013\/01\/Timlilith-IB-Les-origines-150x150.jpg\" class=\"attachment-thumbnail size-thumbnail\" alt=\"\" aria-describedby=\"gallery-1-2408\" \/><\/a>\n\t\t\t<\/div>\n\t\t\t\t<figcaption class='wp-caption-text gallery-caption' id='gallery-1-2408'>\n\t\t\t\t1er rang allong\u00e9s : MEZIANE Larbi, MEZIANE Youssef, MEZIANE Oualhadj  \n2\u00e8me rang assis : SAHRIDJ Mouloud, A\u00cfT CHELLOUCHE Idir, A\u00cfT OUADDA Salem, MOUFFOK Ahmed, BAKIR Mohand (Ma\u025bmu), MEZIANE Azouaw, RAHMOUNE Hamou, A\u00cfT CHELLOUCHE Belaid,  \n3\u00e8me rang debouts : OUFFROUKH Mohand, OULD FEROUKH Mohand Ouramdane, BAKIR Amokrane, BAKIR Abdelkader, OUFFROUKH Bazi, A\u00cfT OUARAB B\u00e9la\u00efd, BAKIR Akli, ??? celui \u00e0 la cravate,si quelqu\u2019un le reconna\u00eet, merci de nous communiquer son nom, OUCHELLOUCHE Messaoud, MOUFFOK Boudjema.\n\t\t\t\t<\/figcaption><\/figure><figure class='gallery-item'>\n\t\t\t<div class='gallery-icon landscape'>\n\t\t\t\t<a href='https:\/\/www.timlilith-ib.fr\/wp-content\/uploads\/2013\/01\/photo-1.jpg'><img loading=\"lazy\" decoding=\"async\" width=\"96\" height=\"96\" src=\"https:\/\/www.timlilith-ib.fr\/wp-content\/uploads\/2013\/01\/photo-1-150x150.jpg\" class=\"attachment-thumbnail size-thumbnail\" alt=\"\" aria-describedby=\"gallery-1-2410\" \/><\/a>\n\t\t\t<\/div>\n\t\t\t\t<figcaption class='wp-caption-text gallery-caption' id='gallery-1-2410'>\n\t\t\t\tDe gauche \u00e0 droite : OUCHEA Mekhlouf (Chahid), AIT CHELLOUCHE Idir (Chahid), OULD FEROUKH Madjid (Chahid), MEZAIB Belkacem (vivant) AIT OUADDA Oualhadj (vivant), Assis : KAKI Ramdane, ( vivant)\n\t\t\t\t<\/figcaption><\/figure><figure class='gallery-item'>\n\t\t\t<div class='gallery-icon landscape'>\n\t\t\t\t<a href='https:\/\/www.timlilith-ib.fr\/wp-content\/uploads\/2013\/01\/photo-2.jpg'><img loading=\"lazy\" decoding=\"async\" width=\"96\" height=\"96\" src=\"https:\/\/www.timlilith-ib.fr\/wp-content\/uploads\/2013\/01\/photo-2-150x150.jpg\" class=\"attachment-thumbnail size-thumbnail\" alt=\"\" aria-describedby=\"gallery-1-2411\" \/><\/a>\n\t\t\t<\/div>\n\t\t\t\t<figcaption class='wp-caption-text gallery-caption' id='gallery-1-2411'>\n\t\t\t\tDe gauche \u00e0 droite : KAKI Ramdane (vivant), SAHRIDJ Ali (vivant), OULD FEROUKH Madjid (Chahid), AIT CHELLOUCHE Idir (Chahid)\n\t\t\t\t<\/figcaption><\/figure>\n\t\t<\/div>\n\n","protected":false},"excerpt":{"rendered":"","protected":false},"author":1,"featured_media":0,"parent":45,"menu_order":5,"comment_status":"open","ping_status":"closed","template":"page-templates\/full-width.php","meta":{"footnotes":""},"class_list":["post-2404","page","type-page","status-publish","hentry"],"jetpack_sharing_enabled":true,"_links":{"self":[{"href":"https:\/\/www.timlilith-ib.fr\/index.php?rest_route=\/wp\/v2\/pages\/2404","targetHints":{"allow":["GET"]}}],"collection":[{"href":"https:\/\/www.timlilith-ib.fr\/index.php?rest_route=\/wp\/v2\/pages"}],"about":[{"href":"https:\/\/www.timlilith-ib.fr\/index.php?rest_route=\/wp\/v2\/types\/page"}],"author":[{"embeddable":true,"href":"https:\/\/www.timlilith-ib.fr\/index.php?rest_route=\/wp\/v2\/users\/1"}],"replies":[{"embeddable":true,"href":"https:\/\/www.timlilith-ib.fr\/index.php?rest_route=%2Fwp%2Fv2%2Fcomments&post=2404"}],"version-history":[{"count":0,"href":"https:\/\/www.timlilith-ib.fr\/index.php?rest_route=\/wp\/v2\/pages\/2404\/revisions"}],"up":[{"embeddable":true,"href":"https:\/\/www.timlilith-ib.fr\/index.php?rest_route=\/wp\/v2\/pages\/45"}],"wp:attachment":[{"href":"https:\/\/www.timlilith-ib.fr\/index.php?rest_route=%2Fwp%2Fv2%2Fmedia&parent=2404"}],"curies":[{"name":"wp","href":"https:\/\/api.w.org\/{rel}","templated":true}]}}