{"id":264,"date":"2012-07-12T23:51:38","date_gmt":"2012-07-12T21:51:38","guid":{"rendered":"http:\/\/www.timlilith-ib.fr\/?page_id=264"},"modified":"2012-09-23T03:12:18","modified_gmt":"2012-09-23T01:12:18","slug":"vues-sur-le-net","status":"publish","type":"page","link":"https:\/\/www.timlilith-ib.fr\/?page_id=264","title":{"rendered":"Vues sur le Net"},"content":{"rendered":"<div id=\"fb-root\"><\/div>\n<p><em><strong><a href=\"http:\/\/www.timlilith-ib.fr\/wp-content\/uploads\/2012\/07\/Vues-sur-le-net.jpg\"><img loading=\"lazy\" decoding=\"async\" class=\"alignleft size-medium wp-image-1284\" title=\"Vues sur le net\" src=\"http:\/\/www.timlilith-ib.fr\/wp-content\/uploads\/2012\/07\/Vues-sur-le-net-300x137.jpg\" alt=\"\" width=\"300\" height=\"137\" srcset=\"https:\/\/www.timlilith-ib.fr\/wp-content\/uploads\/2012\/07\/Vues-sur-le-net-300x137.jpg 300w, https:\/\/www.timlilith-ib.fr\/wp-content\/uploads\/2012\/07\/Vues-sur-le-net.jpg 630w, https:\/\/www.timlilith-ib.fr\/wp-content\/uploads\/2012\/07\/Vues-sur-le-net-500x229.jpg 500w\" sizes=\"auto, (max-width: 300px) 100vw, 300px\" \/><\/a>Bienvenue sur \u00abVues sur le Net\u00bb<\/strong><\/em><\/p>\n<p style=\"text-align: justify;\">Comme son nom l\u2019indique (Vues sur le Net), cette rubrique se veut une fen\u00eatre sur Internet. Les vid\u00e9os que nos visiteurs y trouveront ne sont pas la propri\u00e9t\u00e9 de TIMLILTH-IB. Ce sont des capsules vid\u00e9o que le recherchiste du site a jug\u00e9 utile de partager avec les membres de notre communaut\u00e9 au vue de la pertinence de leurs contenus. Dans le but de diversifier son contenu afin de couvrir les diff\u00e9rents domaines int\u00e9r\u00eats de nos visiteurs, nous essayerons de publier aussi bien dans le culturel, l\u2019agriculture, le d\u00e9veloppement durable, le social et l`historique. Les vid\u00e9os que nous posterons sur ce site seront accompagn\u00e9es d\u2019un\u00a0 bref commentaire de THIMLILITH-IB.<\/p>\n<p style=\"text-align: justify;\">Nous n\u2019avons pas la pr\u00e9tention, par cette rubrique, de proposer une solution \u00e0 un quelconque probl\u00e8me que ce soit. Nous souhaitons seulement, par nos commentaires, susciter la curiosit\u00e9 du visiteur, l\u2019inciter \u00e0 donner son avis et avoir enfin sa propre opinion sur la question. L\u2019invitation est donc lanc\u00e9e \u00e0 tous, afin de prendre part \u00e0 cette rubrique en postant vos commentaires, partager avec nous votre opinion afin que cette rubrique soit b\u00e9n\u00e9fique et \u00e9ducative. Les membres du groupe de discussions THIMLILTH-IB remarqueront que certaines de ces vid\u00e9os ont d\u00e9j\u00e0 \u00e9t\u00e9 publi\u00e9es sur notre \u00abBlog\u00bb, les regrouper dans une seule rubrique dans ce site signifie:<\/p>\n<p style=\"text-align: justify;\">1 \u2013 les rendre plus accessibles \u00e0 tous.<br \/>\n2 \u2013 Donner une chance aux nouvelles recrues dans notre association de les visionner.<br \/>\n3 &#8211; Pouvoir les partager avec tous les internautes qui visiteront notre site web.<br \/>\n4 &#8211; Donner une seconde vie \u00e0 ces capsules.<br \/>\n5 \u2013 Donner plus de visibilit\u00e9 \u00e0 ce type de contenu sur le net.<br \/>\n6 &#8211; Enrichir le contenu de notre site Web.<\/p>\n<p style=\"text-align: justify;\">Au plaisir de lire vos r\u00e9actions et commentaires.<\/p>\n<p style=\"text-align: left;\"><em><strong>TIMLILITH-IB<\/strong><\/em><\/p>\n<p style=\"text-align: left;\">\n","protected":false},"excerpt":{"rendered":"<p>Bienvenue sur \u00abVues sur le Net\u00bb Comme son nom l\u2019indique (Vues sur le Net), cette rubrique se veut une fen\u00eatre sur Internet. Les vid\u00e9os que nos visiteurs y trouveront ne sont pas la propri\u00e9t\u00e9 de TIMLILTH-IB. Ce sont des capsules vid\u00e9o que le recherchiste du site a jug\u00e9 utile de partager avec les membres de &hellip; <a href=\"https:\/\/www.timlilith-ib.fr\/?page_id=264\" class=\"more-link\">Continuer la lecture de <span class=\"screen-reader-text\">Vues sur le Net<\/span>  <span class=\"meta-nav\">&rarr;<\/span><\/a><\/p>\n","protected":false},"author":1,"featured_media":0,"parent":0,"menu_order":6,"comment_status":"open","ping_status":"closed","template":"","meta":{"footnotes":""},"class_list":["post-264","page","type-page","status-publish","hentry"],"jetpack_sharing_enabled":false,"_links":{"self":[{"href":"https:\/\/www.timlilith-ib.fr\/index.php?rest_route=\/wp\/v2\/pages\/264","targetHints":{"allow":["GET"]}}],"collection":[{"href":"https:\/\/www.timlilith-ib.fr\/index.php?rest_route=\/wp\/v2\/pages"}],"about":[{"href":"https:\/\/www.timlilith-ib.fr\/index.php?rest_route=\/wp\/v2\/types\/page"}],"author":[{"embeddable":true,"href":"https:\/\/www.timlilith-ib.fr\/index.php?rest_route=\/wp\/v2\/users\/1"}],"replies":[{"embeddable":true,"href":"https:\/\/www.timlilith-ib.fr\/index.php?rest_route=%2Fwp%2Fv2%2Fcomments&post=264"}],"version-history":[{"count":0,"href":"https:\/\/www.timlilith-ib.fr\/index.php?rest_route=\/wp\/v2\/pages\/264\/revisions"}],"wp:attachment":[{"href":"https:\/\/www.timlilith-ib.fr\/index.php?rest_route=%2Fwp%2Fv2%2Fmedia&parent=264"}],"curies":[{"name":"wp","href":"https:\/\/api.w.org\/{rel}","templated":true}]}}