{"id":377,"date":"2012-07-21T14:31:09","date_gmt":"2012-07-21T13:31:09","guid":{"rendered":"http:\/\/www.timlilith-ib.fr\/?page_id=377"},"modified":"2014-05-08T17:38:49","modified_gmt":"2014-05-08T16:38:49","slug":"reportage-ighil-bougueni","status":"publish","type":"page","link":"https:\/\/www.timlilith-ib.fr\/?page_id=377","title":{"rendered":"Reportage tourn\u00e9 en 2007 \u00e0 Ighil Bogueni par la cha\u00eene de t\u00e9l\u00e9vision Berb\u00e8re TV"},"content":{"rendered":"<div id=\"fb-root\"><\/div>\n<p>La tribu des Ath Menguellet compte, selon la tradition, quarante saints. Dont de nombreuses saintes. L&rsquo;une d&rsquo;entre elle est sis \u00e0 Ighil Bougueni : Yema El Missoura. Sa protection s&rsquo;agr\u00e8ge avec celle de Sidi M&rsquo;hend Oumensour, et Sidi Ali Oubouzid. La localisation du village doit bien justifier ce nombre de saints protecteurs.<\/p>\n<p>Apr\u00e8s une longue p\u00e9riode d&rsquo;interruption les villageois ont renou\u00e9 avec la Zerda traditionelle&#8230;. l&rsquo;occasion pour Berb\u00e8re Tv de restituer une image vivante de ce village aux multiples facettes.<\/p>\n<p>[youtube=http:\/\/www.youtube.com\/watch?v=j0pbOvK4vyE&amp;feature=player_embedded]<\/p>\n","protected":false},"excerpt":{"rendered":"<p>La tribu des Ath Menguellet compte, selon la tradition, quarante saints. Dont de nombreuses saintes. L&rsquo;une d&rsquo;entre elle est sis \u00e0 Ighil Bougueni : Yema El Missoura. Sa protection s&rsquo;agr\u00e8ge avec celle de Sidi M&rsquo;hend Oumensour, et Sidi Ali Oubouzid. La localisation du village doit bien justifier ce nombre de saints protecteurs. Apr\u00e8s une longue &hellip; <a href=\"https:\/\/www.timlilith-ib.fr\/?page_id=377\" class=\"more-link\">Continuer la lecture de <span class=\"screen-reader-text\">Reportage tourn\u00e9 en 2007 \u00e0 Ighil Bogueni par la cha\u00eene de t\u00e9l\u00e9vision Berb\u00e8re TV<\/span>  <span class=\"meta-nav\">&rarr;<\/span><\/a><\/p>\n","protected":false},"author":1,"featured_media":0,"parent":47,"menu_order":1,"comment_status":"open","ping_status":"closed","template":"page-templates\/full-width.php","meta":{"footnotes":""},"class_list":["post-377","page","type-page","status-publish","hentry"],"jetpack_sharing_enabled":true,"_links":{"self":[{"href":"https:\/\/www.timlilith-ib.fr\/index.php?rest_route=\/wp\/v2\/pages\/377","targetHints":{"allow":["GET"]}}],"collection":[{"href":"https:\/\/www.timlilith-ib.fr\/index.php?rest_route=\/wp\/v2\/pages"}],"about":[{"href":"https:\/\/www.timlilith-ib.fr\/index.php?rest_route=\/wp\/v2\/types\/page"}],"author":[{"embeddable":true,"href":"https:\/\/www.timlilith-ib.fr\/index.php?rest_route=\/wp\/v2\/users\/1"}],"replies":[{"embeddable":true,"href":"https:\/\/www.timlilith-ib.fr\/index.php?rest_route=%2Fwp%2Fv2%2Fcomments&post=377"}],"version-history":[{"count":0,"href":"https:\/\/www.timlilith-ib.fr\/index.php?rest_route=\/wp\/v2\/pages\/377\/revisions"}],"up":[{"embeddable":true,"href":"https:\/\/www.timlilith-ib.fr\/index.php?rest_route=\/wp\/v2\/pages\/47"}],"wp:attachment":[{"href":"https:\/\/www.timlilith-ib.fr\/index.php?rest_route=%2Fwp%2Fv2%2Fmedia&parent=377"}],"curies":[{"name":"wp","href":"https:\/\/api.w.org\/{rel}","templated":true}]}}