{"id":4323,"date":"2013-04-10T22:25:42","date_gmt":"2013-04-10T21:25:42","guid":{"rendered":"http:\/\/www.timlilith-ib.fr\/?page_id=4323"},"modified":"2018-08-23T01:52:18","modified_gmt":"2018-08-22T23:52:18","slug":"tournoi-inter-villages-2013-inscription","status":"publish","type":"page","link":"https:\/\/www.timlilith-ib.fr\/?page_id=4323","title":{"rendered":"Tournoi de football juin 2018 : Inscriptions"},"content":{"rendered":"<div id=\"fb-root\"><\/div>\n<p style=\"text-align: justify;\">Ce formulaire d&rsquo;inscription est mis en ligne afin de nous permettre de\u00a0constituer \u00e0 l&rsquo;avance les \u00e9quipes qui\u00a0repr\u00e9senteront le village Timlilith-IB lors du prochain tournoi inter-villages, qui aura lieu le <strong>samedi 16 juin 2018\u00a0<\/strong>\u00e0<strong> Marcoussis (Stade du Moulin) <\/strong>\u00e0 partir de<strong> 9h<\/strong>.<\/p>\n<p style=\"text-align: justify;\">Sont pr\u00e9vus :<\/p>\n<ul style=\"list-style-type: disc; text-align: justify;\">\n<li>un tournoi de jeunes : U8\/U15<\/li>\n<li>un tournoi adultes dans lequel chaque village sera repr\u00e9sent\u00e9 par Une\u00a0\u00e9quipe de 10 joueurs<strong> .\u00a0<\/strong><\/li>\n<\/ul>\n<p style=\"text-align: justify;\"><span style=\"line-height: 1.5;\">Pour Timlilith-IB : Si vous d\u00e9sirez participer au tournoi, merci de vous manifester en renseignant le formulaire ci-dessous\u00a0 le plus rapidement possible.<\/span><\/p>\n<h4>&gt;&gt; Inscriptions closes &lt;&lt;<\/h4>\n<p>Bien \u00e0 vous,<\/p>\n<p>Timlilith-IB<\/p>\n","protected":false},"excerpt":{"rendered":"<p>Ce formulaire d&rsquo;inscription est mis en ligne afin de nous permettre de\u00a0constituer \u00e0 l&rsquo;avance les \u00e9quipes qui\u00a0repr\u00e9senteront le village Timlilith-IB lors du prochain tournoi inter-villages, qui aura lieu le samedi 16 juin 2018\u00a0\u00e0 Marcoussis (Stade du Moulin) \u00e0 partir de 9h. Sont pr\u00e9vus : un tournoi de jeunes : U8\/U15 un tournoi adultes dans lequel &hellip; <a href=\"https:\/\/www.timlilith-ib.fr\/?page_id=4323\" class=\"more-link\">Continuer la lecture de <span class=\"screen-reader-text\">Tournoi de football juin 2018 : Inscriptions<\/span>  <span class=\"meta-nav\">&rarr;<\/span><\/a><\/p>\n","protected":false},"author":1,"featured_media":4923,"parent":149,"menu_order":20,"comment_status":"closed","ping_status":"closed","template":"page-templates\/full-width.php","meta":{"footnotes":""},"class_list":["post-4323","page","type-page","status-publish","has-post-thumbnail","hentry"],"jetpack_sharing_enabled":false,"_links":{"self":[{"href":"https:\/\/www.timlilith-ib.fr\/index.php?rest_route=\/wp\/v2\/pages\/4323","targetHints":{"allow":["GET"]}}],"collection":[{"href":"https:\/\/www.timlilith-ib.fr\/index.php?rest_route=\/wp\/v2\/pages"}],"about":[{"href":"https:\/\/www.timlilith-ib.fr\/index.php?rest_route=\/wp\/v2\/types\/page"}],"author":[{"embeddable":true,"href":"https:\/\/www.timlilith-ib.fr\/index.php?rest_route=\/wp\/v2\/users\/1"}],"replies":[{"embeddable":true,"href":"https:\/\/www.timlilith-ib.fr\/index.php?rest_route=%2Fwp%2Fv2%2Fcomments&post=4323"}],"version-history":[{"count":0,"href":"https:\/\/www.timlilith-ib.fr\/index.php?rest_route=\/wp\/v2\/pages\/4323\/revisions"}],"up":[{"embeddable":true,"href":"https:\/\/www.timlilith-ib.fr\/index.php?rest_route=\/wp\/v2\/pages\/149"}],"wp:featuredmedia":[{"embeddable":true,"href":"https:\/\/www.timlilith-ib.fr\/index.php?rest_route=\/wp\/v2\/media\/4923"}],"wp:attachment":[{"href":"https:\/\/www.timlilith-ib.fr\/index.php?rest_route=%2Fwp%2Fv2%2Fmedia&parent=4323"}],"curies":[{"name":"wp","href":"https:\/\/api.w.org\/{rel}","templated":true}]}}