{"id":45,"date":"2012-06-13T23:32:07","date_gmt":"2012-06-13T21:32:07","guid":{"rendered":"http:\/\/cluster015.ovh.net\/~timlilit\/?page_id=45"},"modified":"2014-02-09T17:26:51","modified_gmt":"2014-02-09T16:26:51","slug":"photos","status":"publish","type":"page","link":"https:\/\/www.timlilith-ib.fr\/?page_id=45","title":{"rendered":"Photos"},"content":{"rendered":"<div id=\"fb-root\"><\/div>\n<figure id=\"attachment_2202\" aria-describedby=\"caption-attachment-2202\" style=\"width: 234px\" class=\"wp-caption alignleft\"><a title=\"Ighil Bougueni en images\" href=\"http:\/\/www.timlilith-ib.fr\/?page_id=625\"><img loading=\"lazy\" decoding=\"async\" class=\"wp-image-2202   \" style=\"margin-top: 0px; margin-bottom: 0px; border: 1px solid black;\" title=\"Ighil Bougueni en images\" alt=\"Adrar Ighil Bougueni\" src=\"http:\/\/www.timlilith-ib.fr\/wp-content\/uploads\/2012\/07\/Adrar-Vues-Ighil-Bougueni-300x225.jpg\" width=\"234\" height=\"176\" srcset=\"https:\/\/www.timlilith-ib.fr\/wp-content\/uploads\/2012\/07\/Adrar-Vues-Ighil-Bougueni-300x225.jpg 300w, https:\/\/www.timlilith-ib.fr\/wp-content\/uploads\/2012\/07\/Adrar-Vues-Ighil-Bougueni-1024x768.jpg 1024w, https:\/\/www.timlilith-ib.fr\/wp-content\/uploads\/2012\/07\/Adrar-Vues-Ighil-Bougueni-400x300.jpg 400w, https:\/\/www.timlilith-ib.fr\/wp-content\/uploads\/2012\/07\/Adrar-Vues-Ighil-Bougueni-800x600.jpg 800w, https:\/\/www.timlilith-ib.fr\/wp-content\/uploads\/2012\/07\/Adrar-Vues-Ighil-Bougueni-1200x900-cropped.jpg 1200w, https:\/\/www.timlilith-ib.fr\/wp-content\/uploads\/2012\/07\/Adrar-Vues-Ighil-Bougueni.jpg 1280w\" sizes=\"auto, (max-width: 234px) 100vw, 234px\" \/><\/a><figcaption id=\"caption-attachment-2202\" class=\"wp-caption-text\">Ighil Bougueni en images<\/figcaption><\/figure>\n<figure id=\"attachment_2363\" aria-describedby=\"caption-attachment-2363\" style=\"width: 234px\" class=\"wp-caption alignright\"><a title=\"Tournoi inter villages 2012\" href=\"http:\/\/www.timlilith-ib.fr\/?page_id=277\"><img loading=\"lazy\" decoding=\"async\" class=\"wp-image-2363 \" style=\"border: 1px solid black;\" title=\"Tournoi inter villages 2012\" alt=\"Tournoi inter villages 2012\" src=\"http:\/\/www.timlilith-ib.fr\/wp-content\/uploads\/2012\/07\/dscf2153-300x224.jpg\" width=\"234\" height=\"176\" \/><\/a><figcaption id=\"caption-attachment-2363\" class=\"wp-caption-text\">Tournoi inter villages 2012<\/figcaption><\/figure>\n<p>&nbsp;<\/p>\n<p>&nbsp;<\/p>\n<p>&nbsp;<\/p>\n<p>&nbsp;<\/p>\n<p>&nbsp;<\/p>\n<p>&nbsp;<\/p>\n<figure id=\"attachment_3611\" aria-describedby=\"caption-attachment-3611\" style=\"width: 234px\" class=\"wp-caption alignleft\"><a style=\"font-weight: bold; text-align: center;\" href=\"http:\/\/www.timlilith-ib.fr\/?page_id=2591\"><img loading=\"lazy\" decoding=\"async\" class=\" wp-image-3611 \" style=\"border: 1px solid black;\" title=\"Fete du village - F\u00e9vrier 2013\" alt=\"Fete du village - F\u00e9vrier 2013\" src=\"http:\/\/www.timlilith-ib.fr\/wp-content\/uploads\/2013\/02\/Fete-du-village-F\u00e9vrier-2013-16.jpg\" width=\"234\" height=\"176\" \/><\/a><figcaption id=\"caption-attachment-3611\" class=\"wp-caption-text\">F\u00eate du village &#8211; F\u00e9vrier 2013<\/figcaption><\/figure>\n<figure id=\"attachment_2405\" aria-describedby=\"caption-attachment-2405\" style=\"width: 234px\" class=\"wp-caption alignright\"><a href=\"http:\/\/www.timlilith-ib.fr\/?page_id=2404\"><img loading=\"lazy\" decoding=\"async\" class=\" wp-image-2405\" style=\"border: 1px solid black;\" alt=\"F\u00eate-de-lA\u00efd-\u00e0-Vava-lHadj-en-1952\" src=\"http:\/\/www.timlilith-ib.fr\/wp-content\/uploads\/2013\/01\/F\u00eate-de-lA\u00efd-\u00e0-Vava-lHadj-en-1952.jpg\" width=\"234\" height=\"176\" \/><\/a><figcaption id=\"caption-attachment-2405\" class=\"wp-caption-text\">Photos d&rsquo;archive<\/figcaption><\/figure>\n","protected":false},"excerpt":{"rendered":"<p>&nbsp; &nbsp; &nbsp; &nbsp; &nbsp; &nbsp;<\/p>\n","protected":false},"author":1,"featured_media":0,"parent":43,"menu_order":0,"comment_status":"closed","ping_status":"closed","template":"","meta":{"footnotes":""},"class_list":["post-45","page","type-page","status-publish","hentry"],"jetpack_sharing_enabled":false,"_links":{"self":[{"href":"https:\/\/www.timlilith-ib.fr\/index.php?rest_route=\/wp\/v2\/pages\/45","targetHints":{"allow":["GET"]}}],"collection":[{"href":"https:\/\/www.timlilith-ib.fr\/index.php?rest_route=\/wp\/v2\/pages"}],"about":[{"href":"https:\/\/www.timlilith-ib.fr\/index.php?rest_route=\/wp\/v2\/types\/page"}],"author":[{"embeddable":true,"href":"https:\/\/www.timlilith-ib.fr\/index.php?rest_route=\/wp\/v2\/users\/1"}],"replies":[{"embeddable":true,"href":"https:\/\/www.timlilith-ib.fr\/index.php?rest_route=%2Fwp%2Fv2%2Fcomments&post=45"}],"version-history":[{"count":0,"href":"https:\/\/www.timlilith-ib.fr\/index.php?rest_route=\/wp\/v2\/pages\/45\/revisions"}],"up":[{"embeddable":true,"href":"https:\/\/www.timlilith-ib.fr\/index.php?rest_route=\/wp\/v2\/pages\/43"}],"wp:attachment":[{"href":"https:\/\/www.timlilith-ib.fr\/index.php?rest_route=%2Fwp%2Fv2%2Fmedia&parent=45"}],"curies":[{"name":"wp","href":"https:\/\/api.w.org\/{rel}","templated":true}]}}