{"id":59,"date":"2012-06-13T23:36:48","date_gmt":"2012-06-13T22:36:48","guid":{"rendered":"http:\/\/cluster015.ovh.net\/~timlilit\/?page_id=59"},"modified":"2015-02-02T00:22:49","modified_gmt":"2015-02-01T23:22:49","slug":"naissances","status":"publish","type":"page","link":"https:\/\/www.timlilith-ib.fr\/?page_id=59","title":{"rendered":"Naissances"},"content":{"rendered":"<div id=\"fb-root\"><\/div>\n<p><strong>Naissance de Juba AIT OUFEROUKH : 21 Mai 2014.<\/strong><\/p>\n<p style=\"text-align: justify;\">C&rsquo;est avec une grande joie que Larbi A\u00cfT OUFEROUKH vient de nous faire part de la naissance de son fils JUBA.<\/p>\n<p style=\"text-align: justify;\">L&rsquo;association Timlilith-IB souhaite \u00e0 JUBA la bienvenue parmi nous et lui souhaite une longue et belle vie.<\/p>\n<p style=\"text-align: justify;\">F\u00e9licitations \u00e0 la maman et au papa.<\/p>\n<p style=\"text-align: justify;\">Timlilith-IB<\/p>\n","protected":false},"excerpt":{"rendered":"<p>Naissance de Juba AIT OUFEROUKH : 21 Mai 2014. C&rsquo;est avec une grande joie que Larbi A\u00cfT OUFEROUKH vient de nous faire part de la naissance de son fils JUBA. L&rsquo;association Timlilith-IB souhaite \u00e0 JUBA la bienvenue parmi nous et lui souhaite une longue et belle vie. F\u00e9licitations \u00e0 la maman et au papa. Timlilith-IB<\/p>\n","protected":false},"author":1,"featured_media":0,"parent":57,"menu_order":0,"comment_status":"open","ping_status":"closed","template":"page-templates\/full-width.php","meta":{"footnotes":""},"class_list":["post-59","page","type-page","status-publish","hentry"],"jetpack_sharing_enabled":false,"_links":{"self":[{"href":"https:\/\/www.timlilith-ib.fr\/index.php?rest_route=\/wp\/v2\/pages\/59","targetHints":{"allow":["GET"]}}],"collection":[{"href":"https:\/\/www.timlilith-ib.fr\/index.php?rest_route=\/wp\/v2\/pages"}],"about":[{"href":"https:\/\/www.timlilith-ib.fr\/index.php?rest_route=\/wp\/v2\/types\/page"}],"author":[{"embeddable":true,"href":"https:\/\/www.timlilith-ib.fr\/index.php?rest_route=\/wp\/v2\/users\/1"}],"replies":[{"embeddable":true,"href":"https:\/\/www.timlilith-ib.fr\/index.php?rest_route=%2Fwp%2Fv2%2Fcomments&post=59"}],"version-history":[{"count":0,"href":"https:\/\/www.timlilith-ib.fr\/index.php?rest_route=\/wp\/v2\/pages\/59\/revisions"}],"up":[{"embeddable":true,"href":"https:\/\/www.timlilith-ib.fr\/index.php?rest_route=\/wp\/v2\/pages\/57"}],"wp:attachment":[{"href":"https:\/\/www.timlilith-ib.fr\/index.php?rest_route=%2Fwp%2Fv2%2Fmedia&parent=59"}],"curies":[{"name":"wp","href":"https:\/\/api.w.org\/{rel}","templated":true}]}}