{"id":66,"date":"2012-06-13T23:38:38","date_gmt":"2012-06-13T22:38:38","guid":{"rendered":"http:\/\/cluster015.ovh.net\/~timlilit\/?page_id=66"},"modified":"2017-03-09T12:45:21","modified_gmt":"2017-03-09T11:45:21","slug":"liens-utiles","status":"publish","type":"page","link":"https:\/\/www.timlilith-ib.fr\/?page_id=66","title":{"rendered":"Liens utiles"},"content":{"rendered":"<div id=\"fb-root\"><\/div>\n<p style=\"text-align: justify;\"><a href=\"http:\/\/www.timlilith-ib.fr\/wp-content\/uploads\/2012\/06\/planete_liens_utiles.jpg\"><img loading=\"lazy\" decoding=\"async\" class=\"aligncenter wp-image-1282\" src=\"http:\/\/www.timlilith-ib.fr\/wp-content\/uploads\/2012\/06\/planete_liens_utiles.jpg\" alt=\"\" width=\"533\" height=\"437\" srcset=\"https:\/\/www.timlilith-ib.fr\/wp-content\/uploads\/2012\/06\/planete_liens_utiles.jpg 350w, https:\/\/www.timlilith-ib.fr\/wp-content\/uploads\/2012\/06\/planete_liens_utiles-300x246.jpg 300w\" sizes=\"auto, (max-width: 533px) 100vw, 533px\" \/><\/a><\/p>\n<p style=\"text-align: center;\">Cette rubrique est mise \u00e0 la disposition de notre communaut\u00e9 internautes, afin de leur sugg\u00e9rer des sites web, leur facilitant ainsi l\u2019acc\u00e8s \u00e0 de l\u2019information que nous souhaitons pertinente et b\u00e9n\u00e9fique pour tous. Ainsi, si nos visiteurs souhaitent sugg\u00e9rer des liens vers des sites en rapport avec la vocation de notre association, nous les encourageons \u00e0 le faire en allant sur la page <a title=\"Contactez-nous\" href=\"http:\/\/www.timlilith-ib.fr\/?page_id=68\">Contactez-Nous<\/a><\/p>\n<hr \/>\n<p style=\"text-align: justify;\"><span style=\"color: #008000;\"><em><strong><span style=\"font-size: 14pt;\">Site internet de l&rsquo;association socio-culturelle Tililit (ASCT)<\/span><\/strong><\/em><\/span><\/p>\n<p style=\"text-align: justify;\">Ci-dessous, l&rsquo;adresse du site internet de l&rsquo;association du\u00a0village voisin et ami\u00a0Tillilit :<\/p>\n<p><a href=\"http:\/\/tillilit.free.fr\/\" target=\"_blank\">http:\/\/tillilit.free.fr\/<\/a><\/p>\n<p style=\"text-align: justify;\"><img loading=\"lazy\" decoding=\"async\" src=\"http:\/\/tillilit.free.fr\/wp-content\/uploads\/tililit_header0.png\" alt=\"\" width=\"940\" height=\"198\" \/><\/p>\n<hr \/>\n<h1 class=\"entry-title\" style=\"font-weight: 300; font-style: inherit; text-align: justify;\"><span style=\"font-size: 14pt; color: #008000;\"><em><strong>L&rsquo;association SOS-Boites de lait<\/strong><\/em><\/span><\/h1>\n<p><img decoding=\"async\" src=\"http:\/\/www.emmaus-boites-de-lait.org\/wp-content\/uploads\/2014\/06\/cropped-cropped-EN-TETE-WEB111.jpg\" alt=\"\" \/><\/p>\n<header class=\"entry-header\">\n<h1 class=\"entry-title\" style=\"font-weight: 300; font-style: inherit; text-align: justify;\"><\/h1>\n<\/header>\n<div class=\"entry-content\" style=\"text-align: justify;\">\n<p style=\"font-weight: inherit; font-style: inherit; text-align: justify;\"><a style=\"font-weight: inherit; font-style: inherit; color: #90131b;\" href=\"http:\/\/www.emmaus-boites-de-lait.org\/wp-content\/uploads\/2014\/06\/abbe-Pierre.jpg\" rel=\"lightbox-0\"><img loading=\"lazy\" decoding=\"async\" class=\"alignright wp-image-160 \" src=\"http:\/\/www.emmaus-boites-de-lait.org\/wp-content\/uploads\/2014\/06\/abbe-Pierre.jpg\" alt=\"abbe Pierre\" width=\"103\" height=\"130\" \/><\/a>L\u2019Association\u00a0<span style=\"font-weight: inherit; font-style: inherit; color: #800000;\"><strong style=\"font-weight: bold; font-style: inherit;\">S.O.S. Bo\u00eetes de Lait<\/strong><\/span>\u00a0a \u00e9t\u00e9 cr\u00e9\u00e9e par l\u2019<strong style=\"font-weight: bold; font-style: inherit;\">Abb\u00e9 Pierre<\/strong>.<strong style=\"font-weight: bold; font-style: inherit;\">\u00a0 \u00a0\u00a0<\/strong><\/p>\n<p style=\"font-weight: inherit; font-style: inherit; text-align: justify;\">Elle \u00a0a \u00a0\u00e9t\u00e9 \u00a0d\u00e9clar\u00e9e \u00a0\u00e0 \u00a0la \u00a0Pr\u00e9fecture \u00a0de \u00a0Paris \u00a0le \u00a0<strong style=\"font-weight: bold; font-style: inherit;\">14 ao\u00fbt 1963<\/strong>.<\/p>\n<\/div>\n<p style=\"text-align: justify;\"><a title=\"Sos boites de lait\" href=\"http:\/\/www.emmaus-boites-de-lait.org\/\">http:\/\/www.emmaus-boites-de-lait.org\/<\/a><\/p>\n<hr \/>\n<p><span style=\"color: #008000; font-size: 14pt;\"><strong><a style=\"color: #008000;\" title=\"Blog Tasga Melloul\" href=\"https:\/\/groups.google.com\/forum\/#!forum\/tallat-tasga-melloul\" target=\"_blank\">Blog de l&rsquo;association\u00a0 <span class=\"IVILX2C-b-Yb\">Tallat-Tasga Melloul<\/span><\/a><\/strong><\/span><\/p>\n<p>Ci-dessous, le blog du village <a title=\"Blog Tasga Melloul\" href=\"https:\/\/groups.google.com\/forum\/#!forum\/tallat-tasga-melloul\" target=\"_blank\"><img loading=\"lazy\" decoding=\"async\" class=\"wp-image-6017 alignright\" style=\"border: 1px solid black;\" src=\"http:\/\/www.timlilith-ib.fr\/wp-content\/uploads\/2012\/06\/Tasga-Melloul.jpg\" alt=\"Tasga Melloul\" width=\"240\" height=\"180\" \/><\/a>voisin et ami d&rsquo;Ighil Bougueni.<\/p>\n<p style=\"text-align: justify;\"><a title=\"Blog du Village Tasga Melloul\" href=\"https:\/\/groups.google.com\/forum\/#!forum\/tallat-tasga-melloul\" target=\"_blank\">Blog du village Tasga Melloul<\/a><\/p>\n<div style=\"text-align: left;\">\n<p style=\"text-align: justify;\"><span style=\"line-height: 1.5;\">Vous devez \u00eatre membre du groupe pour le consulter et y participer.<\/span><\/p>\n<div>\n<p style=\"text-align: justify;\"><a href=\"https:\/\/groups.google.com\/forum\/?fromgroups#!forum\/tallat-tasga-melloul\" target=\"_blank\">Faire une demande d&rsquo;adh\u00e9sion<\/a>\u00a0ou\u00a0<a href=\"https:\/\/groups.google.com\/d\/contactowner\/tallat-tasga-melloul\" target=\"_blank\">contacter le propri\u00e9taire<\/a><\/p>\n<p style=\"text-align: justify;\">\n<\/div>\n<hr \/>\n<p><a title=\"ASSIREM\" href=\"https:\/\/www.facebook.com\/centreathailem\" target=\"_blank\" rel=\"attachment wp-att-5095\"><img loading=\"lazy\" decoding=\"async\" class=\"wp-image-5095 alignright\" style=\"border: 1px solid black;\" src=\"http:\/\/www.timlilith-ib.fr\/wp-content\/uploads\/2013\/07\/Logo-Assirem-Centre-Si-Mokrane-21.jpg\" alt=\"Logo Assirem Centre Si Mokrane 2\" width=\"240\" height=\"240\" srcset=\"https:\/\/www.timlilith-ib.fr\/wp-content\/uploads\/2013\/07\/Logo-Assirem-Centre-Si-Mokrane-21.jpg 160w, https:\/\/www.timlilith-ib.fr\/wp-content\/uploads\/2013\/07\/Logo-Assirem-Centre-Si-Mokrane-21-150x150.jpg 150w\" sizes=\"auto, (max-width: 240px) 100vw, 240px\" \/><\/a><span style=\"color: #008000;\"><em><strong><span style=\"font-size: 14pt;\">L&rsquo;association \u00ab\u00a0ASSIREM\u00a0\u00bb, centre \u00ab\u00a0Si Mokrane\u00a0\u00bb<\/span>,<\/strong> <\/em><\/span>est une association \u00e0 but non lucratif et s\u2019occupe, d\u00e9sormais et principalement, d\u2019enfants handicap\u00e9s mentaux.<\/p>\n<\/div>\n<p style=\"text-align: justify;\">Implant\u00e9e, depuis Septembre 2011, en contrebas du village d\u2019A\u00eft Ailem, sur le bord de la route nationale et occupant un local lou\u00e9 par un m\u00e9c\u00e8ne pour un 1 Dinar symbolique, cette \u00e9cole prend en charge actuellement 29 enfants issus des communes d\u2019Iferhounene d\u2019Abi Youcef, d\u2019Ath Yenni et\u00a0 d\u2019Ath Menguellet.<\/p>\n<p style=\"text-align: justify;\">Pour acc\u00e9der \u00e0 la page FaceBook de l&rsquo;association \u00ab\u00a0<strong>ASSIREM\u00a0\u00bb, centre \u00ab\u00a0Si Mokrane\u00a0\u00bb<\/strong>\u00a0:\u00a0<a title=\"ASSIREM\" href=\"https:\/\/www.facebook.com\/centreathailem\" target=\"_blank\">Cliquer ici<\/a><\/p>\n<hr style=\"height: 3px;\" \/>\n<p><span style=\"color: #008000;\"><em><strong><span style=\"font-size: 14pt;\">\u00a0SAGEFORM<\/span><\/strong><\/em><\/span><\/p>\n<div>\n<div><img loading=\"lazy\" decoding=\"async\" src=\"http:\/\/www.sageform.fr\/images\/titre_sageform.gif\" alt=\"Sage form\" width=\"636\" height=\"73\" \/><\/div>\n<p style=\"text-align: justify;\"><a title=\"Sageform\" href=\"http:\/\/www.sageform.fr\/deposez-votre-cv.html\" target=\"_blank\"><img loading=\"lazy\" decoding=\"async\" class=\"alignleft wp-image-4453\" src=\"http:\/\/www.timlilith-ib.fr\/wp-content\/uploads\/2012\/06\/Sageform.jpg\" alt=\"Sageform\" width=\"240\" height=\"260\" \/><\/a>Pour postuler \u00e0 un stage-formation pour emploi chez\u00a0<strong>SAGEFORM <\/strong>rendez-vous sur la page \u00ab\u00a0<a title=\"D\u00e9poser CV\" href=\"http:\/\/www.sageform.fr\/deposez-votre-cv.html\" target=\"_blank\"><strong>Envoyez vos CV<\/strong><\/a>\u00a0\u00bb en vous recommandant sous la rubrique \u00a0<strong>Message\u00a0\u00bb<\/strong> des Associations \u00ab\u00a0<strong>Aourir Ath Menguellet\u00a0\u00bb<\/strong>,\u00a0<strong>\u00ab\u00a0Tallat-Tasga Melloul\u00a0\u00bb\u00a0<\/strong>ou <strong>\u00ab\u00a0Timlilith-IB\u00a0\u00bb.<\/strong><\/p>\n<p>SAGEFORM est un organisme de formation professionnelle. existant depuis plus de 20 ans.<\/p>\n<\/div>\n<div>\n<p style=\"text-align: justify;\">SAGEFORM accompagne et forme 400 \u00e0 500 demandeurs d&#8217;emploi par an, dans les 4 secteurs d&rsquo;activit\u00e9 suivants :<\/p>\n<ul style=\"text-align: justify;\">\n<li>COMMERCE \/ DISTRIBUTION : Employ\u00e9s Libre Service (ELS); h\u00f4te\/hotesse de caisse; adjoint magasin<\/li>\n<li>RESTAURATION : Agent Polyvalent de Restauration Collective; Agent de Restauration<\/li>\n<li>LOGISTIQUE : Magasinier; pr\u00e9parateur de commandes; cariste; obtention des CACES 1-3-5<\/li>\n<li>NETTOYAGE : Agent de service en nettoyage industriel et hospitalier<\/li>\n<\/ul>\n<p style=\"text-align: justify;\">SAGEFORM accompagne activement les demandeurs d&#8217;emploi, en leur proposant un emploi correspondant \u00e0 leurs attentes et en les formant en alternance \u00e0 cet emploi, pour qu&rsquo;ils puissent y r\u00e9ussir.<\/p>\n<p style=\"text-align: justify;\">\n<\/div>\n<hr style=\"height: 3px;\" \/>\n<p style=\"text-align: justify;\"><em><strong><span style=\"font-size: 14pt; color: #008000;\"><a style=\"color: #008000;\" title=\"Palais 91\" href=\"http:\/\/www.palais91.com\/\" target=\"_blank\">Le Palais91 : Location de salles, organisation de A \u00e0 Z<\/a><\/span>\u00a0: cliquez sur ce lien en bleu pour d\u00e9couvrir les installations du Palais91.<\/strong><\/em><\/p>\n<p style=\"text-align: center;\"><a title=\"Palais 91\" href=\"http:\/\/www.palais91.com\/\" target=\"_blank\"><img loading=\"lazy\" decoding=\"async\" class=\"wp-image-2545 aligncenter\" style=\"border: 1px solid black;\" src=\"http:\/\/www.timlilith-ib.fr\/wp-content\/uploads\/2012\/06\/Salle-Palais91-300x200.jpg\" alt=\"Salle Palais91\" width=\"265\" height=\"165\" \/><\/a><\/p>\n<p style=\"text-align: center;\"><span style=\"color: #000000; font-weight: bold;\">2, Rue Jules Guesde<\/span><\/p>\n<p style=\"text-align: center;\"><strong>91130 RIS-ORANGIS<\/strong><\/p>\n<p style=\"text-align: center;\"><strong>06 86 64 96 47<\/strong><\/p>\n<p style=\"text-align: justify;\"><span style=\"text-align: justify;\">Nos remerciements les plus chaleureux \u00e0 Monsieur et Madame Dogan COLAK du Palais91 qui nous ont permis de faire de cette f\u00eate du village du 9 F\u00e9vrier 2013 un moment inoubliable.<\/span><\/p>\n<hr style=\"height: 3px;\" \/>\n<p><span style=\"font-size: 14pt; color: #008000;\"><em><strong><a style=\"color: #008000;\" href=\"http:\/\/groups.google.com\/forum\/?fromgroups#!forum\/timlilith-ib\" target=\"_blank\">Blog de l&rsquo;association Timlilith Ighil Bougueni<\/a><\/strong><\/em><\/span><\/p>\n<p>Lieu d&rsquo;\u00e9changes, de discussions entre les membres du village d&rsquo;Ighil Bougueni, o\u00f9 tout sympathisant est le bienvenu \u00e9galement !<\/p>\n<p style=\"text-align: center;\">\u00a0<a href=\"https:\/\/groups.google.com\/forum\/?fromgroups#!forum\/timlilith-ib\" target=\"_blank\"><img loading=\"lazy\" decoding=\"async\" class=\" wp-image-78 aligncenter\" style=\"border: 1px solid black;\" title=\"blog-TIB\" src=\"http:\/\/www.timlilith-ighil-bougueni.fr\/wp-content\/uploads\/2012\/06\/blog-TIB.png\" alt=\"\" width=\"265\" height=\"165\" \/><\/a><\/p>\n<hr style=\"height: 3px;\" \/>\n<p><span style=\"font-size: 14pt; color: #008000;\"><em><strong><a style=\"color: #008000;\" href=\"http:\/\/aourir-ath-menguellet.com\/\" target=\"_blank\">Aourir Ath Menguellet<\/a><\/strong><\/em><\/span><\/p>\n<p>Site de l&rsquo;association amie, du village voisin, Aourir.<\/p>\n<p style=\"text-align: center;\">\u00a0<a title=\"Site Aourir\" href=\"http:\/\/aourir-ath-menguellet.com\/accueil\" target=\"_blank\"><img loading=\"lazy\" decoding=\"async\" class=\"aligncenter wp-image-81\" style=\"border: 1px solid black;\" title=\"Site-Aourir\" src=\"http:\/\/www.timlilith-ighil-bougueni.fr\/wp-content\/uploads\/2012\/06\/Site-Aourir.png\" alt=\"\" width=\"265\" height=\"165\" \/><\/a><\/p>\n<hr style=\"height: 3px;\" \/>\n<p><span style=\"font-size: 14pt; color: #008000;\"><a style=\"color: #008000;\" title=\"Office des \u00e9tablissements\" href=\"http:\/\/www.odej15.org\/comune-ain-el-hemam.php\" target=\"_blank\"><strong><em>Office des \u00c9tablissements de Jeunes de la Wilaya de Tizi Ouzou<\/em><\/strong><\/a><\/span><\/p>\n<p style=\"text-align: justify;\">Liste des associations de jeunes domicili\u00e9es \u00e0 Ain El Hammam. On y trouve, des formations \u00e0 distance des regroupements et \u00e9changes entre jeunes et plein d\u2019autres activit\u00e9s.<\/p>\n<p style=\"text-align: center;\"><a href=\"http:\/\/www.odej15.org\/comune-ain-el-hemam.php\" target=\"_blank\"><img loading=\"lazy\" decoding=\"async\" class=\"aligncenter wp-image-724\" style=\"border: 1px solid black;\" title=\"ODEJ\" src=\"http:\/\/www.timlilith-ib.fr\/wp-content\/uploads\/2012\/06\/ODEJ.jpg\" alt=\"\" width=\"265\" height=\"165\" \/><\/a><\/p>\n<hr style=\"height: 3px;\" \/>\n<p><span style=\"font-size: 14pt; color: #008000;\"><strong><em><a style=\"color: #008000;\" title=\"ANSEJ\" href=\"http:\/\/tiziouzou.ansej.org.dz\/Start.aspx\" target=\"_blank\">Agence nationale de soutien \u00e0 l&#8217;emploi des jeunes (ANSEJ)<\/a><\/em><\/strong><\/span><\/p>\n<p style=\"text-align: justify;\">Extrait du mot du directeur de l&rsquo;ANSEJ \u00e0 Tizi Ouzou :<\/p>\n<blockquote>\n<p style=\"text-align: justify; padding-left: 30px;\"><span style=\"color: #808080;\"><em>\u00ab\u00a0Je saisis cette occasion pour lancer un appel \u00e0 tous les jeunes de la wilaya de Tizi-Ouzou d\u00e9sireux de lancer des projets, de se rapprocher de l\u2019agence ANSEJ de Tizi-Ouzou pour un meilleur accompagnement \u00e0 l\u2019effet de concr\u00e9tiser leurs id\u00e9es. N\u2019h\u00e9sitez pas \u00e0 nous contacter pour obtenir de plus amples informations.\u00a0\u00bb<\/em><\/span><\/p>\n<\/blockquote>\n<h1><a title=\"ANSEJ\" href=\"http:\/\/tiziouzou.ansej.org.dz\/Start.aspx\" target=\"_blank\"><img loading=\"lazy\" decoding=\"async\" class=\"aligncenter wp-image-826\" style=\"border: 1px solid black;\" title=\"ANSEJ\" src=\"http:\/\/www.timlilith-ib.fr\/wp-content\/uploads\/2012\/06\/ANSEJ.jpg\" alt=\"\" width=\"265\" height=\"165\" \/><\/a><\/h1>\n<p>&nbsp;<\/p>\n<hr style=\"height: 3px;\" \/>\n<p><span style=\"color: #008000;\"><strong><em><a style=\"color: #008000;\" title=\"Femme rurale\" href=\"http:\/\/rurale.mfep.gov.dz\/acceuil.htm\" target=\"_blank\">La femme rurale<\/a><\/em><\/strong><\/span><\/p>\n<p style=\"text-align: justify;\">Site consacr\u00e9 a la femme rurale. Formation, accompagnement pour un d\u00e9veloppement sociale et \u00e9conomique.<\/p>\n<p style=\"text-align: center;\"><a href=\"http:\/\/rurale.mfep.gov.dz\/acceuil.htm\" target=\"_blank\"><img loading=\"lazy\" decoding=\"async\" class=\" wp-image-965 aligncenter\" style=\"border: 1px solid black;\" title=\"FemmeRurale\" src=\"http:\/\/www.timlilith-ib.fr\/wp-content\/uploads\/2012\/06\/FemmeRurale.jpg\" alt=\"\" width=\"265\" height=\"165\" \/><\/a><\/p>\n<hr style=\"height: 3px;\" \/>\n<p><span style=\"font-size: 14pt; color: #008000;\"><strong><em><a style=\"color: #008000;\" title=\"CNEPD\" href=\"http:\/\/www.cnepd.org\/\" target=\"_blank\">Centre National de l&rsquo;Enseignement\u00a0Professionnel\u00a0\u00e0 Distance<\/a><\/em><\/strong><\/span><\/p>\n<p style=\"text-align: justify;\">Avec plus de 40 sp\u00e9cialit\u00e9s enseign\u00e9es, un effectif de 25 000 stagiaires\/an et un corps d&rsquo;enseignants comp\u00e9tents dans leurs domaines, l&rsquo;apport et la notori\u00e9t\u00e9 du CNEPD sont incontestablement \u00e9tablis.<\/p>\n<p style=\"text-align: center;\"><a href=\"http:\/\/www.cnepd.org\/\" target=\"_blank\"><img loading=\"lazy\" decoding=\"async\" class=\"aligncenter wp-image-968\" style=\"border: 1px solid black;\" title=\"CNEPD\" src=\"http:\/\/www.timlilith-ib.fr\/wp-content\/uploads\/2012\/06\/CNEPD.jpg\" alt=\"\" width=\"265\" height=\"165\" \/><\/a><\/p>\n<p>&nbsp;<\/p>\n<hr \/>\n","protected":false},"excerpt":{"rendered":"<p>Cette rubrique est mise \u00e0 la disposition de notre communaut\u00e9 internautes, afin de leur sugg\u00e9rer des sites web, leur facilitant ainsi l\u2019acc\u00e8s \u00e0 de l\u2019information que nous souhaitons pertinente et b\u00e9n\u00e9fique pour tous. Ainsi, si nos visiteurs souhaitent sugg\u00e9rer des liens vers des sites en rapport avec la vocation de notre association, nous les encourageons &hellip; <a href=\"https:\/\/www.timlilith-ib.fr\/?page_id=66\" class=\"more-link\">Continuer la lecture de <span class=\"screen-reader-text\">Liens utiles<\/span>  <span class=\"meta-nav\">&rarr;<\/span><\/a><\/p>\n","protected":false},"author":1,"featured_media":0,"parent":0,"menu_order":20,"comment_status":"closed","ping_status":"closed","template":"page-templates\/full-width.php","meta":{"footnotes":""},"class_list":["post-66","page","type-page","status-publish","hentry"],"jetpack_sharing_enabled":false,"_links":{"self":[{"href":"https:\/\/www.timlilith-ib.fr\/index.php?rest_route=\/wp\/v2\/pages\/66","targetHints":{"allow":["GET"]}}],"collection":[{"href":"https:\/\/www.timlilith-ib.fr\/index.php?rest_route=\/wp\/v2\/pages"}],"about":[{"href":"https:\/\/www.timlilith-ib.fr\/index.php?rest_route=\/wp\/v2\/types\/page"}],"author":[{"embeddable":true,"href":"https:\/\/www.timlilith-ib.fr\/index.php?rest_route=\/wp\/v2\/users\/1"}],"replies":[{"embeddable":true,"href":"https:\/\/www.timlilith-ib.fr\/index.php?rest_route=%2Fwp%2Fv2%2Fcomments&post=66"}],"version-history":[{"count":0,"href":"https:\/\/www.timlilith-ib.fr\/index.php?rest_route=\/wp\/v2\/pages\/66\/revisions"}],"wp:attachment":[{"href":"https:\/\/www.timlilith-ib.fr\/index.php?rest_route=%2Fwp%2Fv2%2Fmedia&parent=66"}],"curies":[{"name":"wp","href":"https:\/\/api.w.org\/{rel}","templated":true}]}}