{"id":798,"date":"2012-08-18T21:04:59","date_gmt":"2012-08-18T20:04:59","guid":{"rendered":"http:\/\/www.timlilith-ib.fr\/?page_id=798"},"modified":"2015-03-14T14:19:19","modified_gmt":"2015-03-14T13:19:19","slug":"histoire-et-culture","status":"publish","type":"page","link":"https:\/\/www.timlilith-ib.fr\/?page_id=798","title":{"rendered":"Histoire et Culture"},"content":{"rendered":"<div id=\"fb-root\"><\/div>\n<p style=\"text-align: justify;\">C&rsquo;est avec un grand plaisir que nous mettons en ligne une nouvelle rubrique sur notre site web. Cette rubrique a \u00e9t\u00e9 cr\u00e9\u00e9e pour r\u00e9pondre \u00e0 l\u2019int\u00e9r\u00eat croissant de nos membres et visiteurs \u00e0 la chose historique, identitaire et culturelle. Des id\u00e9es, des propositions et des \u00e9bauches de r\u00e9flexions sont en gestation dans le <a title=\"Blog de Timlilith-IB\" href=\"https:\/\/groups.google.com\/forum\/?fromgroups#!forum\/timlilith-ib\" target=\"_blank\">Blog<\/a> de Timlilth-IB sur ce qu\u2019il y a lieu de faire afin que l\u2019association puisse contribuer \u00e0 raviver la flamme de la curiosit\u00e9 chez nos enfants en qu\u00eate de leur origine, soif de leurs h\u00e9ros et enfin, en besoin de regain de fiert\u00e9 d\u2019appartenance \u00e0 une communaut\u00e9 qui a beaucoup donn\u00e9 \u00e0 L\u2019Alg\u00e9rie.<\/p>\n<p style=\"text-align: justify;\">Dans cette rubrique, il est question d\u2019honorer des personnalit\u00e9s de notre communaut\u00e9, d\u00e9c\u00e9d\u00e9es ou en vie, quel que soit le domaine dans lequel elles\u00a0se sont distingu\u00e9es. Immortaliser des \u00e9v\u00e8nements, cueillir des t\u00e9moignages vivants et bien plus\u2026<\/p>\n<p style=\"text-align: justify;\">L\u2019appel est donc lanc\u00e9 \u00e0 toutes et \u00e0 tous afin de rassembler tout le patrimoine immat\u00e9riel d\u2019Ighil Bougueni.<\/p>\n<p style=\"text-align: justify;\"><strong><em>Timlilith-IB<\/em><\/strong><\/p>\n","protected":false},"excerpt":{"rendered":"<p>C&rsquo;est avec un grand plaisir que nous mettons en ligne une nouvelle rubrique sur notre site web. Cette rubrique a \u00e9t\u00e9 cr\u00e9\u00e9e pour r\u00e9pondre \u00e0 l\u2019int\u00e9r\u00eat croissant de nos membres et visiteurs \u00e0 la chose historique, identitaire et culturelle. Des id\u00e9es, des propositions et des \u00e9bauches de r\u00e9flexions sont en gestation dans le Blog de &hellip; <a href=\"https:\/\/www.timlilith-ib.fr\/?page_id=798\" class=\"more-link\">Continuer la lecture de <span class=\"screen-reader-text\">Histoire et Culture<\/span>  <span class=\"meta-nav\">&rarr;<\/span><\/a><\/p>\n","protected":false},"author":1,"featured_media":1494,"parent":0,"menu_order":14,"comment_status":"closed","ping_status":"closed","template":"page-templates\/full-width.php","meta":{"footnotes":""},"class_list":["post-798","page","type-page","status-publish","has-post-thumbnail","hentry"],"jetpack_sharing_enabled":true,"_links":{"self":[{"href":"https:\/\/www.timlilith-ib.fr\/index.php?rest_route=\/wp\/v2\/pages\/798","targetHints":{"allow":["GET"]}}],"collection":[{"href":"https:\/\/www.timlilith-ib.fr\/index.php?rest_route=\/wp\/v2\/pages"}],"about":[{"href":"https:\/\/www.timlilith-ib.fr\/index.php?rest_route=\/wp\/v2\/types\/page"}],"author":[{"embeddable":true,"href":"https:\/\/www.timlilith-ib.fr\/index.php?rest_route=\/wp\/v2\/users\/1"}],"replies":[{"embeddable":true,"href":"https:\/\/www.timlilith-ib.fr\/index.php?rest_route=%2Fwp%2Fv2%2Fcomments&post=798"}],"version-history":[{"count":0,"href":"https:\/\/www.timlilith-ib.fr\/index.php?rest_route=\/wp\/v2\/pages\/798\/revisions"}],"wp:featuredmedia":[{"embeddable":true,"href":"https:\/\/www.timlilith-ib.fr\/index.php?rest_route=\/wp\/v2\/media\/1494"}],"wp:attachment":[{"href":"https:\/\/www.timlilith-ib.fr\/index.php?rest_route=%2Fwp%2Fv2%2Fmedia&parent=798"}],"curies":[{"name":"wp","href":"https:\/\/api.w.org\/{rel}","templated":true}]}}