{"id":943,"date":"2012-09-03T02:02:40","date_gmt":"2012-09-03T01:02:40","guid":{"rendered":"http:\/\/www.timlilith-ib.fr\/?page_id=943"},"modified":"2019-01-20T17:01:40","modified_gmt":"2019-01-20T16:01:40","slug":"le-devoir-de-memoire","status":"publish","type":"page","link":"https:\/\/www.timlilith-ib.fr\/?page_id=943","title":{"rendered":"Le Devoir de M\u00e9moire"},"content":{"rendered":"<div id=\"fb-root\"><\/div>\n<p style=\"text-align: justify;\">Dans le cadre du projet \u00ab\u00c9criture de l\u2019histoire du village Ighil Bougueni\u00bb, l\u2019association Timlilith-IB lance un appel \u00e0 toute la communaut\u00e9 du village o\u00f9 qu\u2019elle soit afin de collecter tout le mat\u00e9riel historique, encore disponible, qui nous permettra de cerner ce qui s\u2019est r\u00e9ellement pass\u00e9 durant la guerre de r\u00e9volution Alg\u00e9rienne 1954-1962. Dans notre village, pas moins de 41 chahid \u00abMartyrs de la r\u00e9volution Alg\u00e9rienne\u00bb sont tomb\u00e9s au champ d\u2019honneur, durant cette p\u00e9riode. Dans notre association, nous ne pr\u00e9tendons pas utiliser une d\u00e9marche ou une m\u00e9thodologie des\u00a0 sciences de l\u2019histoire pour entreprendre ce projet, toutefois, nous sommes convaincus de notre capacit\u00e9 \u00e0 raconter notre histoire comme l\u2019ont v\u00e9cue nos parents. Nous sommes le peuple qui a \u00e9t\u00e9 capable de pr\u00e9server et de transmettre sa culture depuis des mill\u00e9naires de bouche \u00e0 oreille.<\/p>\n<p style=\"text-align: justify;\">De ce qui pr\u00e9c\u00e8de ;<\/p>\n<p style=\"text-align: justify;\">Nous publions ici la liste exhaustive de tous les chouhadas tomb\u00e9s au champ d\u2019honneur, list\u00e9e officiellement dans la st\u00e8le \u00e9rig\u00e9e en leur honneur au village Ighil Bougueni. L\u2019appel est donc lanc\u00e9 \u00e0 tous les membres de notre communaut\u00e9 afin de nous fournir toute information pertinente qui nous permettra de connaitre un peu plus sur ces h\u00e9ros qui ont donn\u00e9 leurs vies pour que nous puissions devenir des citoyens. Des photos, des t\u00e9moignages sur les circonstances dans lesquelles ils sont tomb\u00e9s, des anecdotes, des t\u00e9moignages de personnes encore en vie qui les auraient c\u00f4toy\u00e9s, un \u00abAchouik\u00bb c\u00e9l\u00e9brant leur bravoure, ma m\u00e8re m\u2019a racont\u00e9 que\u2026etc. Tout est \u00e0 prendre. Nous restons convaincus que l\u2019envie de transmettre \u00e0 nos enfants cette glorieuse page de notre histoire finira par triompher sur le mutisme qui a caract\u00e9ris\u00e9 ces 50 derni\u00e8res ann\u00e9es.<\/p>\n<p style=\"text-align: justify;\"><em>Ad fellasen ye\u025bfu \u1e5aebbi.<\/em><\/p>\n<p style=\"text-align: justify;\"><a style=\"font-weight: 400; line-height: 1.5;\" href=\"http:\/\/www.timlilith-ib.fr\/wp-content\/gallery\/chouhadas\/photo-1.jpg\"><img loading=\"lazy\" decoding=\"async\" class=\"alignleft\" style=\"border: 1px solid black;\" src=\"http:\/\/www.timlilith-ib.fr\/wp-content\/gallery\/chouhadas\/photo-1.jpg\" alt=\"photo-1\" width=\"244\" height=\"184\" \/><\/a><span style=\"font-weight: 400; line-height: 1.5;\"><strong>Photo de gauche (de gauche \u00e0 droite) :\u00a0<\/strong>OUCHEA Mekhlouf (Chahid), AIT CHELLOUCHE Idir (Chahid), OULD FEROUKH Madjid (Chahid), MEZAIB Belkacem (vivant) AIT OUADDA Oualhadj (vivant), Assis\u00a0: KAKI Ramdane, ( vivant)<\/span><\/p>\n<p style=\"text-align: justify;\"><a href=\"http:\/\/www.timlilith-ib.fr\/wp-content\/gallery\/chouhadas\/photo-2.jpg\"><img loading=\"lazy\" decoding=\"async\" class=\"alignright\" style=\"border: 1px solid black;\" src=\"http:\/\/www.timlilith-ib.fr\/wp-content\/gallery\/chouhadas\/photo-2.jpg\" alt=\"photo-2\" width=\"224\" height=\"168\" \/><\/a><\/p>\n<p style=\"text-align: justify;\"><strong>Photo de droite (de gauche \u00e0 droite)<\/strong>\u00a0: KAKI Ramdane\u00a0(vivant),\u00a0SAHRIDJ Ali\u00a0(vivant),\u00a0OULD FEROUKH Madjid\u00a0(Chahid), AIT CHELLOUCHE Idir (Chahid<span style=\"color: #333333; font-size: 15.555556297302246px; font-style: normal; line-height: 26.666667938232422px;\">)<\/span><\/p>\n<p style=\"text-align: center;\"><a href=\"http:\/\/www.timlilith-ib.fr\/wp-content\/uploads\/2012\/09\/Da-Youssef-MEZIANE-et-Da-Abdellah-BAKIR-photo.jpg\"><img loading=\"lazy\" decoding=\"async\" class=\"aligncenter  wp-image-5707\" style=\"border: 1px solid black;\" src=\"http:\/\/www.timlilith-ib.fr\/wp-content\/uploads\/2012\/09\/Da-Youssef-MEZIANE-et-Da-Abdellah-BAKIR-photo.jpg\" alt=\"Da Youssef MEZIANE et Da Abdellah BAKIR photo\" width=\"307\" height=\"410\" srcset=\"https:\/\/www.timlilith-ib.fr\/wp-content\/uploads\/2012\/09\/Da-Youssef-MEZIANE-et-Da-Abdellah-BAKIR-photo.jpg 480w, https:\/\/www.timlilith-ib.fr\/wp-content\/uploads\/2012\/09\/Da-Youssef-MEZIANE-et-Da-Abdellah-BAKIR-photo-225x300.jpg 225w\" sizes=\"auto, (max-width: 307px) 100vw, 307px\" \/><\/a><\/p>\n<p style=\"text-align: justify;\"><strong>De gauche \u00e0 Droite<\/strong> : MEZIANE Youcef (Chahid) BAKIR Abdellah (Chahid)<\/p>\n<p><img loading=\"lazy\" decoding=\"async\" class=\"aligncenter\" src=\"http:\/\/www.timlilith-ib.fr\/wp-content\/uploads\/2019\/01\/Dda-Tahar-.jpg\" alt=\"L\u00e2\u0080\u0099attribut alt de cette image est vide, son nom de fichier est Dda-Tahar-.jpg.\" width=\"281\" height=\"375\" \/><\/p>\n<p>\u00a0 \u00a0 \u00a0 \u00a0 \u00a0 \u00a0 \u00a0 \u00a0 \u00a0 \u00a0 \u00a0 \u00a0 \u00a0 \u00a0 \u00a0 \u00a0 \u00a0 \u00a0 \u00a0 \u00a0 \u00a0 \u00a0 MEZIANE Messaoud dit Tahar.<\/p>\n<p style=\"text-align: justify;\"><em>Noms grav\u00e9s sur la st\u00e8le d\u2019Ighil Bougueni :<\/em><\/p>\n<table border=\"1\" cellspacing=\"0\" cellpadding=\"0\">\n<tbody>\n<tr>\n<td valign=\"top\" width=\"31\">\u00a0<\/td>\n<td valign=\"top\" width=\"203\"><strong>Nom<\/strong><\/td>\n<td valign=\"top\" width=\"142\"><strong>Pr\u00e9nom<\/strong><\/td>\n<td valign=\"top\" width=\"104\"><strong>Date de Naissance<\/strong><\/td>\n<td valign=\"top\" width=\"198\"><strong>Tomb\u00e9 au Champ d\u2019honneur le<\/strong><\/td>\n<\/tr>\n<tr>\n<td valign=\"top\" width=\"31\">01<\/td>\n<td valign=\"top\" width=\"203\">A\u00eft Abdeslam<\/td>\n<td valign=\"top\" width=\"142\">Saadi<\/td>\n<td valign=\"top\" width=\"104\">13 D\u00e9c. 1929<\/td>\n<td valign=\"top\" width=\"198\">27 Sept. 1958<\/td>\n<\/tr>\n<tr>\n<td valign=\"top\" width=\"31\">02<\/td>\n<td valign=\"top\" width=\"203\">A\u00eft Chea<\/td>\n<td valign=\"top\" width=\"142\">Boussad<\/td>\n<td valign=\"top\" width=\"104\">\u00a0<\/td>\n<td valign=\"top\" width=\"198\">\u00a0<\/td>\n<\/tr>\n<tr>\n<td valign=\"top\" width=\"31\">03<\/td>\n<td valign=\"top\" width=\"203\">A\u00eft Chellouche<\/td>\n<td valign=\"top\" width=\"142\">Bouzid<\/td>\n<td valign=\"top\" width=\"104\">05 Nov. 1902<\/td>\n<td valign=\"top\" width=\"198\">25 Sept. 1958<\/td>\n<\/tr>\n<tr>\n<td valign=\"top\" width=\"31\">04<\/td>\n<td valign=\"top\" width=\"203\">A\u00eft Chellouche<\/td>\n<td valign=\"top\" width=\"142\">Idir<\/td>\n<td valign=\"top\" width=\"104\">?6 Aout 1919<\/td>\n<td valign=\"top\" width=\"198\">11 F\u00e9v. 1960<\/td>\n<\/tr>\n<tr>\n<td valign=\"top\" width=\"31\">05<\/td>\n<td valign=\"top\" width=\"203\">A\u00eft Ghazi<\/td>\n<td valign=\"top\" width=\"142\">Mezhoura<\/td>\n<td valign=\"top\" width=\"104\">\u00a0<\/td>\n<td valign=\"top\" width=\"198\">\u00a0<\/td>\n<\/tr>\n<tr>\n<td valign=\"top\" width=\"31\">06<\/td>\n<td valign=\"top\" width=\"203\">A\u00eft Mohamed<\/td>\n<td valign=\"top\" width=\"142\">Achour<\/td>\n<td valign=\"top\" width=\"104\">26 Mar. 1904<\/td>\n<td valign=\"top\" width=\"198\">27 Sept. 1958<\/td>\n<\/tr>\n<tr>\n<td valign=\"top\" width=\"31\">07<\/td>\n<td valign=\"top\" width=\"203\">A\u00eft Mouhoub<\/td>\n<td valign=\"top\" width=\"142\">Mohand Oussalem<\/td>\n<td valign=\"top\" width=\"104\">07 Aout 1927<\/td>\n<td valign=\"top\" width=\"198\">05 Mai 1960<\/td>\n<\/tr>\n<tr>\n<td valign=\"top\" width=\"31\">08<\/td>\n<td valign=\"top\" width=\"203\">A\u00eft Oudda<\/td>\n<td valign=\"top\" width=\"142\">Salah<\/td>\n<td valign=\"top\" width=\"104\">Pr\u00e9sum\u00e9 1922<\/td>\n<td valign=\"top\" width=\"198\">22 Juillet 1957<\/td>\n<\/tr>\n<tr>\n<td valign=\"top\" width=\"31\">09<\/td>\n<td valign=\"top\" width=\"203\">Amirat<\/td>\n<td valign=\"top\" width=\"142\">Boudjemaa<\/td>\n<td valign=\"top\" width=\"104\">04 Mars 1919<\/td>\n<td valign=\"top\" width=\"198\">14 Mai 1957<\/td>\n<\/tr>\n<tr>\n<td valign=\"top\" width=\"31\">10<\/td>\n<td valign=\"top\" width=\"203\">Amirat<\/td>\n<td valign=\"top\" width=\"142\">Mohand<\/td>\n<td valign=\"top\" width=\"104\">31 Juillet 1930<\/td>\n<td valign=\"top\" width=\"198\">14 Mai 1957<\/td>\n<\/tr>\n<tr>\n<td valign=\"top\" width=\"31\">11<\/td>\n<td valign=\"top\" width=\"203\">Bakir<\/td>\n<td valign=\"top\" width=\"142\">Abdellah<\/td>\n<td valign=\"top\" width=\"104\">Pr\u00e9sum\u00e9 1936<\/td>\n<td valign=\"top\" width=\"198\">1960<\/td>\n<\/tr>\n<tr>\n<td valign=\"top\" width=\"31\">12<\/td>\n<td valign=\"top\" width=\"203\">Belkacem<\/td>\n<td valign=\"top\" width=\"142\">Lounis<\/td>\n<td valign=\"top\" width=\"104\">14 Juin 1918<\/td>\n<td valign=\"top\" width=\"198\">30 D\u00e9c. 1959<\/td>\n<\/tr>\n<tr>\n<td valign=\"top\" width=\"31\">13<\/td>\n<td valign=\"top\" width=\"203\">Benadda<\/td>\n<td valign=\"top\" width=\"142\">Latamene<\/td>\n<td valign=\"top\" width=\"104\">15 Sept. 1940<\/td>\n<td valign=\"top\" width=\"198\">25 Nov. 1958<\/td>\n<\/tr>\n<tr>\n<td valign=\"top\" width=\"31\">14<\/td>\n<td valign=\"top\" width=\"203\">Ben Meziane<\/td>\n<td valign=\"top\" width=\"142\">Hocine<\/td>\n<td valign=\"top\" width=\"104\">15 F\u00e9v. 1924<\/td>\n<td valign=\"top\" width=\"198\">27 Sept. 1958<\/td>\n<\/tr>\n<tr>\n<td valign=\"top\" width=\"31\">15<\/td>\n<td valign=\"top\" width=\"203\">Ferroukh<\/td>\n<td valign=\"top\" width=\"142\">Tahar<\/td>\n<td valign=\"top\" width=\"104\">16 Nov. 1908<\/td>\n<td valign=\"top\" width=\"198\">03 Sept. 1956<\/td>\n<\/tr>\n<tr>\n<td valign=\"top\" width=\"31\">16<\/td>\n<td valign=\"top\" width=\"203\">Hamiche<\/td>\n<td valign=\"top\" width=\"142\">Boussad<\/td>\n<td valign=\"top\" width=\"104\">04 Mars 1931<\/td>\n<td valign=\"top\" width=\"198\">05 Mai 1960<\/td>\n<\/tr>\n<tr>\n<td valign=\"top\" width=\"31\">17<\/td>\n<td valign=\"top\" width=\"203\">Mechouet<\/td>\n<td valign=\"top\" width=\"142\">Hocine<\/td>\n<td valign=\"top\" width=\"104\">13 Mai 1932<\/td>\n<td valign=\"top\" width=\"198\">05 Mai 1960<\/td>\n<\/tr>\n<tr>\n<td valign=\"top\" width=\"31\">18<\/td>\n<td valign=\"top\" width=\"203\">Meziane<\/td>\n<td valign=\"top\" width=\"142\">Messaoud<\/td>\n<td valign=\"top\" width=\"104\">03 D\u00e9c. 1931<\/td>\n<td valign=\"top\" width=\"198\">1958<\/td>\n<\/tr>\n<tr>\n<td valign=\"top\" width=\"31\">19<\/td>\n<td valign=\"top\" width=\"203\">Meziane<\/td>\n<td valign=\"top\" width=\"142\">Youcef<\/td>\n<td valign=\"top\" width=\"104\">06 Sept. 1930<\/td>\n<td valign=\"top\" width=\"198\">27 Sept. 1958<\/td>\n<\/tr>\n<tr>\n<td valign=\"top\" width=\"31\">20<\/td>\n<td valign=\"top\" width=\"203\">Mouffok<\/td>\n<td valign=\"top\" width=\"142\">Larbi<\/td>\n<td valign=\"top\" width=\"104\">18 D\u00e9c. 1921<\/td>\n<td valign=\"top\" width=\"198\">27 Sept. 1958<\/td>\n<\/tr>\n<tr>\n<td valign=\"top\" width=\"31\">21<\/td>\n<td valign=\"top\" width=\"203\">Ouchea<\/td>\n<td valign=\"top\" width=\"142\">Makhlouf<\/td>\n<td valign=\"top\" width=\"104\">13 F\u00e9v. 1933<\/td>\n<td valign=\"top\" width=\"198\">05 Mai 1960<\/td>\n<\/tr>\n<tr>\n<td valign=\"top\" width=\"31\">22<\/td>\n<td valign=\"top\" width=\"203\">Ouffroukh<\/td>\n<td valign=\"top\" width=\"142\">Mohand Ouali<\/td>\n<td valign=\"top\" width=\"104\">30 Nov. 1926<\/td>\n<td valign=\"top\" width=\"198\">04 Aout 1958<\/td>\n<\/tr>\n<tr>\n<td valign=\"top\" width=\"31\">23<\/td>\n<td valign=\"top\" width=\"203\">Ould Kaki N\u00e9e Ouchea<\/td>\n<td valign=\"top\" width=\"142\">Djouher<\/td>\n<td valign=\"top\" width=\"104\">\u00a0<\/td>\n<td valign=\"top\" width=\"198\">\u00a0<\/td>\n<\/tr>\n<tr>\n<td valign=\"top\" width=\"31\">24<\/td>\n<td valign=\"top\" width=\"203\">Oukaki<\/td>\n<td valign=\"top\" width=\"142\">Mohand<\/td>\n<td valign=\"top\" width=\"104\">06 F\u00e9v. 1919<\/td>\n<td valign=\"top\" width=\"198\">14 Nov. 1959<\/td>\n<\/tr>\n<tr>\n<td valign=\"top\" width=\"31\">25<\/td>\n<td valign=\"top\" width=\"203\">Ould Ferroukh<\/td>\n<td valign=\"top\" width=\"142\">Abdellah<\/td>\n<td valign=\"top\" width=\"104\">30 Oct. 1950<\/td>\n<td valign=\"top\" width=\"198\">03 Sept. 1958<\/td>\n<\/tr>\n<tr>\n<td valign=\"top\" width=\"31\">26<\/td>\n<td valign=\"top\" width=\"203\">Ould Ferroukh<\/td>\n<td valign=\"top\" width=\"142\">Madjid<\/td>\n<td valign=\"top\" width=\"104\">08 Mai 1940<\/td>\n<td valign=\"top\" width=\"198\">03 Juillet 1959<\/td>\n<\/tr>\n<tr>\n<td valign=\"top\" width=\"31\">27<\/td>\n<td valign=\"top\" width=\"203\">Ould Ferroukh<\/td>\n<td valign=\"top\" width=\"142\">Mohand Ameziane<\/td>\n<td valign=\"top\" width=\"104\">21 Jan. 1905<\/td>\n<td valign=\"top\" width=\"198\">10 Nov. 1957<\/td>\n<\/tr>\n<tr>\n<td valign=\"top\" width=\"31\">28<\/td>\n<td valign=\"top\" width=\"203\">Ould Saadi<\/td>\n<td valign=\"top\" width=\"142\">Mohand Amokrane<\/td>\n<td valign=\"top\" width=\"104\">15 Oct. 1928<\/td>\n<td valign=\"top\" width=\"198\">15 F\u00e9v. 1960<\/td>\n<\/tr>\n<tr>\n<td valign=\"top\" width=\"31\">29<\/td>\n<td valign=\"top\" width=\"203\">Ould Oulhadj<\/td>\n<td valign=\"top\" width=\"142\">Fodil<\/td>\n<td valign=\"top\" width=\"104\">18 Avril 1937<\/td>\n<td valign=\"top\" width=\"198\">20 F\u00e9v. 1959<\/td>\n<\/tr>\n<tr>\n<td valign=\"top\" width=\"31\">30<\/td>\n<td valign=\"top\" width=\"203\">Ourahmoune<\/td>\n<td valign=\"top\" width=\"142\">Mohand Ouhcen<\/td>\n<td valign=\"top\" width=\"104\">15 Mars 1937<\/td>\n<td valign=\"top\" width=\"198\">20 F\u00e9v. 1960<\/td>\n<\/tr>\n<tr>\n<td valign=\"top\" width=\"31\">31<\/td>\n<td valign=\"top\" width=\"203\">Ai\u00ef Saada<\/td>\n<td valign=\"top\" width=\"142\">\u00a0<\/td>\n<td valign=\"top\" width=\"104\">\u00a0<\/td>\n<td valign=\"top\" width=\"198\">\u00a0<\/td>\n<\/tr>\n<tr>\n<td valign=\"top\" width=\"31\">32<\/td>\n<td valign=\"top\" width=\"203\">Maakiche<\/td>\n<td valign=\"top\" width=\"142\">Bouadnane<\/td>\n<td valign=\"top\" width=\"104\">\u00a0<\/td>\n<td valign=\"top\" width=\"198\">\u00a0<\/td>\n<\/tr>\n<tr>\n<td valign=\"top\" width=\"31\">33<\/td>\n<td valign=\"top\" width=\"203\">Siali l\u2019Infirmier Illilten<\/td>\n<td valign=\"top\" width=\"142\">\u00a0<\/td>\n<td valign=\"top\" width=\"104\">\u00a0<\/td>\n<td valign=\"top\" width=\"198\">\u00a0<\/td>\n<\/tr>\n<tr>\n<td valign=\"top\" width=\"31\">34<\/td>\n<td valign=\"top\" width=\"203\">Mohand L\u2019Arabe Constantine<\/td>\n<td valign=\"top\" width=\"142\">\u00a0<\/td>\n<td valign=\"top\" width=\"104\">\u00a0<\/td>\n<td valign=\"top\" width=\"198\">\u00a0<\/td>\n<\/tr>\n<tr>\n<td valign=\"top\" width=\"31\">35 \u00e0 41<\/td>\n<td valign=\"top\" width=\"203\">Afroukh et Six inconnus Enterr\u00e9s Bouider<\/td>\n<td valign=\"top\" width=\"142\">\u00a0<\/td>\n<td valign=\"top\" width=\"104\">\u00a0<\/td>\n<td valign=\"top\" width=\"198\">\u00a0<\/td>\n<\/tr>\n<\/tbody>\n<\/table>\n\n\n<p><\/p>\n\n\n\n<p><\/p>\n","protected":false},"excerpt":{"rendered":"<p>Dans le cadre du projet \u00ab\u00c9criture de l\u2019histoire du village Ighil Bougueni\u00bb, l\u2019association Timlilith-IB lance un appel \u00e0 toute la communaut\u00e9 du village o\u00f9 qu\u2019elle soit afin de collecter tout le mat\u00e9riel historique, encore disponible, qui nous permettra de cerner ce qui s\u2019est r\u00e9ellement pass\u00e9 durant la guerre de r\u00e9volution Alg\u00e9rienne 1954-1962. Dans notre village, &hellip; <a href=\"https:\/\/www.timlilith-ib.fr\/?page_id=943\" class=\"more-link\">Continuer la lecture de <span class=\"screen-reader-text\">Le Devoir de M\u00e9moire<\/span>  <span class=\"meta-nav\">&rarr;<\/span><\/a><\/p>\n","protected":false},"author":1,"featured_media":0,"parent":798,"menu_order":1,"comment_status":"open","ping_status":"closed","template":"page-templates\/full-width.php","meta":{"footnotes":""},"class_list":["post-943","page","type-page","status-publish","hentry"],"jetpack_sharing_enabled":true,"_links":{"self":[{"href":"https:\/\/www.timlilith-ib.fr\/index.php?rest_route=\/wp\/v2\/pages\/943","targetHints":{"allow":["GET"]}}],"collection":[{"href":"https:\/\/www.timlilith-ib.fr\/index.php?rest_route=\/wp\/v2\/pages"}],"about":[{"href":"https:\/\/www.timlilith-ib.fr\/index.php?rest_route=\/wp\/v2\/types\/page"}],"author":[{"embeddable":true,"href":"https:\/\/www.timlilith-ib.fr\/index.php?rest_route=\/wp\/v2\/users\/1"}],"replies":[{"embeddable":true,"href":"https:\/\/www.timlilith-ib.fr\/index.php?rest_route=%2Fwp%2Fv2%2Fcomments&post=943"}],"version-history":[{"count":0,"href":"https:\/\/www.timlilith-ib.fr\/index.php?rest_route=\/wp\/v2\/pages\/943\/revisions"}],"up":[{"embeddable":true,"href":"https:\/\/www.timlilith-ib.fr\/index.php?rest_route=\/wp\/v2\/pages\/798"}],"wp:attachment":[{"href":"https:\/\/www.timlilith-ib.fr\/index.php?rest_route=%2Fwp%2Fv2%2Fmedia&parent=943"}],"curies":[{"name":"wp","href":"https:\/\/api.w.org\/{rel}","templated":true}]}}